{"id":1513788,"date":"2024-08-30T09:29:37","date_gmt":"2024-08-30T09:29:37","guid":{"rendered":"https:\/\/davidcarralon.com\/outils\/schema-generator"},"modified":"2026-04-07T09:43:14","modified_gmt":"2026-04-07T09:43:14","slug":"generateur-de-schemas","status":"publish","type":"page","link":"https:\/\/davidcarralon.com\/fr\/outils\/generateur-de-schemas","title":{"rendered":"g\u00e9n\u00e9rateur de sch\u00e9mas"},"content":{"rendered":"<h1 style=\"text-align: center;font-size: 45px;letter-spacing: 0px;text-transform: None;font-family: Nunito;font-weight: Normal;line-height: 57px\" class=\"ub_advanced_heading wp-block-ub-advanced-heading\" id=\"ub-advanced-heading-b699b032-5aaa-41fe-90a5-add43c98cd8f\" data-blockid=\"b699b032-5aaa-41fe-90a5-add43c98cd8f\"><strong><strong>G\u00c9N\u00c9RATEUR GRATUIT DE BALISAGE SCHEMA<\/strong><\/strong><\/h1>\n\n\n\n","protected":false},"excerpt":{"rendered":"","protected":false},"author":2,"featured_media":1467410,"parent":1513649,"menu_order":0,"comment_status":"closed","ping_status":"closed","template":"","meta":{"_acf_changed":false,"_genesis_hide_title":false,"_genesis_hide_breadcrumbs":false,"_genesis_hide_singular_image":false,"_genesis_hide_footer_widgets":false,"_genesis_custom_body_class":"","_genesis_custom_post_class":"","_genesis_layout":"","footnotes":""},"class_list":{"1":"page","2":"type-page","6":"entry"},"featured_image_src":"https:\/\/davidcarralon.com\/wp-content\/uploads\/Schema-GENERATOR-600x400.png","acf":[],"featured_image_src_square":"https:\/\/davidcarralon.com\/wp-content\/uploads\/Schema-GENERATOR-600x600.png","_links":{"self":[{"href":"https:\/\/davidcarralon.com\/fr\/wp-json\/wp\/v2\/pages\/1513788","targetHints":{"allow":["GET"]}}],"collection":[{"href":"https:\/\/davidcarralon.com\/fr\/wp-json\/wp\/v2\/pages"}],"about":[{"href":"https:\/\/davidcarralon.com\/fr\/wp-json\/wp\/v2\/types\/page"}],"author":[{"embeddable":true,"href":"https:\/\/davidcarralon.com\/fr\/wp-json\/wp\/v2\/users\/2"}],"replies":[{"embeddable":true,"href":"https:\/\/davidcarralon.com\/fr\/wp-json\/wp\/v2\/comments?post=1513788"}],"version-history":[{"count":2,"href":"https:\/\/davidcarralon.com\/fr\/wp-json\/wp\/v2\/pages\/1513788\/revisions"}],"predecessor-version":[{"id":1513804,"href":"https:\/\/davidcarralon.com\/fr\/wp-json\/wp\/v2\/pages\/1513788\/revisions\/1513804"}],"up":[{"embeddable":true,"href":"https:\/\/davidcarralon.com\/fr\/wp-json\/wp\/v2\/pages\/1513649"}],"wp:featuredmedia":[{"embeddable":true,"href":"https:\/\/davidcarralon.com\/fr\/wp-json\/wp\/v2\/media\/1467410"}],"wp:attachment":[{"href":"https:\/\/davidcarralon.com\/fr\/wp-json\/wp\/v2\/media?parent=1513788"}],"curies":[{"name":"wp","href":"https:\/\/api.w.org\/{rel}","templated":true}]}}