{"id":1446698,"date":"2020-11-23T18:04:31","date_gmt":"2020-11-23T18:04:31","guid":{"rendered":"https:\/\/davidcarralon.com\/a-propos-de-david-carralon"},"modified":"2026-03-12T07:41:53","modified_gmt":"2026-03-12T07:41:53","slug":"a-propos-de-david-carralon","status":"publish","type":"page","link":"https:\/\/davidcarralon.com\/fr\/a-propos-de-david-carralon","title":{"rendered":"\u00c0 propos de David Carral\u00f3n"},"content":{"rendered":"\n<div class=\"wp-block-cover alignfull\" style=\"min-height:712px;aspect-ratio:unset;\"><span aria-hidden=\"true\" class=\"wp-block-cover__background has-background-dim-0 has-background-dim\"><\/span><img loading=\"lazy\" decoding=\"async\" width=\"300\" height=\"175\" sizes=\"auto, 100vw\" srcset=\"https:\/\/davidcarralon.com\/wp-content\/uploads\/2019\/02\/david-carralon-ISS-conference-1024x596-300x175.jpg 300w, https:\/\/davidcarralon.com\/wp-content\/uploads\/2019\/02\/david-carralon-ISS-conference-1024x596-600x349.jpg 600w, https:\/\/davidcarralon.com\/wp-content\/uploads\/2019\/02\/david-carralon-ISS-conference-1024x596-768x447.jpg 768w, https:\/\/davidcarralon.com\/wp-content\/uploads\/2019\/02\/david-carralon-ISS-conference-1024x596.jpg 1024w\" class=\"wp-block-cover__image-background wp-image-1153056\" alt=\"SEO training, David Carralon\" src=\"https:\/\/davidcarralon.com\/wp-content\/uploads\/2019\/02\/david-carralon-ISS-conference-1024x596-300x175.jpg\" data-object-fit=\"cover\"\/><div class=\"wp-block-cover__inner-container is-layout-flow wp-block-cover-is-layout-flow\">\n<div class=\"wp-block-group has-sm-padding-bottom has-sm-padding-top has-body-color has-white-background-color has-text-color has-background has-light-background has-xs-content-width has-sm-padding-left has-sm-padding-right\"><div class=\"wp-block-group__inner-container is-layout-flow wp-block-group-is-layout-flow\">\n<h1 class=\"wp-block-heading has-text-align-center has-dark-color has-text-color\" id=\"h-seo-consultant\">Consultant international en r\u00e9f\u00e9rencement<\/h1>\n<\/div><\/div>\n\n\n\n<\/div><\/div>\n\n<p class=\"has-text-align-center is-style-heading has-white-background-color has-text-color has-background has-lg-font-size\" style=\"color:#659315\">Je suis un consultant international en r\u00e9f\u00e9rencement bas\u00e9 en France, op\u00e9rant sur un certain nombre de march\u00e9s diff\u00e9rents \u00e0 l&rsquo;int\u00e9rieur et \u00e0 l&rsquo;ext\u00e9rieur de l&rsquo;UE.<\/p>\n\n<p class=\"has-text-align-center\">J&rsquo;apporte avec moi pr\u00e8s de deux d\u00e9cennies d&rsquo;exp\u00e9rience dans le domaine du r\u00e9f\u00e9rencement et du marketing Internet. J&rsquo;ai travaill\u00e9 en interne pour de grandes multinationales en menant \u00e0 bien des programmes de r\u00e9f\u00e9rencement et de croissance. En tant que consultant ind\u00e9pendant, j&rsquo;ai \u00e9galement aid\u00e9 de grandes marques \u00e0 am\u00e9liorer leur r\u00e9f\u00e9rencement pour atteindre leurs objectifs commerciaux.<\/p>\n\n<p class=\"has-text-align-center\">Je peux vous aider avec des audits techniques, la mise en \u0153uvre de strat\u00e9gies, le travail de r\u00e9f\u00e9rencement de campagnes, ou la consultation.<\/p>\n<div class=\"wp-block-image\">\n<figure class=\"alignright\"><a href=\"https:\/\/davidcarralon.com\/wp-content\/uploads\/2015\/06\/david-carralon-hp-235-276.jpg\"><img decoding=\"async\" src=\"https:\/\/davidcarralon.com\/wp-content\/uploads\/2015\/06\/david-carralon-hp-235-276.jpg\" alt=\"David Carralon Consultant SEO\" class=\"wp-image-2142\"\/><\/a><figcaption class=\"wp-element-caption\">David Carralon<\/figcaption><\/figure><\/div>\n<p>Si votre entreprise cherche \u00e0 p\u00e9n\u00e9trer les march\u00e9s mondiaux ou a besoin d&rsquo;aide pour am\u00e9liorer tout aspect de vos efforts de marketing international, je peux vous aider : <\/p>\n\n<ul class=\"wp-block-list\">\n<li>Conseil international en mati\u00e8re de r\u00e9f\u00e9rencement<\/li>\n\n\n\n<li><a href=\"https:\/\/davidcarralon.com\/fr\/audits-seo\">Audits SEO<\/a> (impl\u00e9mentations techniques, contenu, concurrence)<\/li>\n\n\n\n<li>Conception de la strat\u00e9gie de migration du site web<\/li>\n\n\n\n<li>Migrations complexes vers des frameworks bas\u00e9s sur le Javascript<\/li>\n\n\n\n<li>Assistance globale en mati\u00e8re de r\u00e9f\u00e9rencement lors de la mise en \u0153uvre de tout type d&rsquo;entreprise<\/li>\n\n\n\n<li>Construction de liens internationaux<\/li>\n\n\n\n<li>Formation au r\u00e9f\u00e9rencement, en face \u00e0 face et en ligne<\/li>\n\n\n\n<li>Services de r\u00e9f\u00e9rencement en marque blanche (100% de confidentialit\u00e9 et NDA)<\/li>\n<\/ul>\n\n<p>Que vous cherchiez \u00e0 embaucher un r\u00e9f\u00e9renceur d&rsquo;entreprise ayant l&rsquo;exp\u00e9rience de la gestion de grands sites web et de la fourniture de services \u00e0 grande \u00e9chelle, ou que vous ayez simplement besoin de conseils pour votre start-up sur un march\u00e9 unique, je peux vous aider.<\/p>\n\n<h2 class=\"wp-block-heading\">Pourquoi devriez-vous m&rsquo;engager ?<\/h2>\n\n<p>J&rsquo;ai fait mes preuves en r\u00e9alisant des audits de sites web de qualit\u00e9 pour une s\u00e9rie d&rsquo;entreprises clientes dans de nombreux secteurs tels que le commerce \u00e9lectronique de d\u00e9tail, les op\u00e9rations de voyage et de tourisme, les sites d&#8217;emploi, les grands sites affili\u00e9s, les sites m\u00e9dicaux, les sites de recettes, l&rsquo;\u00e9ducation et l&rsquo;apprentissage.<\/p>\n\n<p>En outre, j&rsquo;ai travaill\u00e9 sur des mod\u00e8les de sites web avec des listes de contenu automatis\u00e9es, des architectures complexes avec diff\u00e9rentes piles technologiques, et de multiples d\u00e9fis techniques li\u00e9s \u00e0 la navigabilit\u00e9 du site, aux probl\u00e8mes d&rsquo;indexation, aux cauchemars de pagination et \u00e0 de nombreux probl\u00e8mes de contenu dupliqu\u00e9.<\/p>\n\n<p>Si n\u00e9cessaire, je peux vous mettre en contact avec des clients existants ou avec des clients pour lesquels je viens de r\u00e9aliser des audits professionnels et de remettre des rapports convaincants contenant des recommandations strat\u00e9giques. Leurs commentaires sur mes performances et les r\u00e9sultats obtenus peuvent vous aider \u00e0 d\u00e9cider si vous souhaitez travailler avec moi.<\/p>\n\n<p>Je vous invite \u00e0 consulter mon <a href=\"https:\/\/www.linkedin.com\/in\/carralon\/\" rel=\"noopener\">profil Linkedin<\/a> et \u00e0 lire mes autres recommandations professionnelles.<\/p>\n\n<h2 class=\"wp-block-heading\" id=\"h-my-journey-into-international-multilingual-seo\">Mon parcours dans le r\u00e9f\u00e9rencement international\/multilingue<\/h2>\n\n<p>Mon pays d&rsquo;origine est l&rsquo;Espagne, o\u00f9 j&rsquo;ai v\u00e9cu jusqu&rsquo;\u00e0 l&rsquo;\u00e2ge de 20 ans. J&rsquo;ai ensuite pass\u00e9 10 ans \u00e0 \u00e9tudier, vivre et travailler au Royaume-Uni. La vie m&rsquo;a ensuite amen\u00e9 \u00e0 traverser la Manche et \u00e0 m&rsquo;installer en France pour g\u00e9rer la pr\u00e9sence sur le web en France et en Suisse d&rsquo;une organisation de relations culturelles. Aujourd&rsquo;hui, je vis toujours \u00e0 Paris, mais je voyage fr\u00e9quemment en Europe.<\/p>\n\n<p>L&rsquo;exposition \u00e0 l&rsquo;environnement culturel et linguistique que j&rsquo;ai connue au cours des 20 derni\u00e8res ann\u00e9es a consid\u00e9rablement contribu\u00e9 \u00e0 ma formation et m&rsquo;a aid\u00e9 \u00e0 devenir un professionnel international du r\u00e9f\u00e9rencement. Mon int\u00e9r\u00eat pour l&rsquo;apprentissage des langues va au-del\u00e0 du fran\u00e7ais, de l&rsquo;espagnol et de l&rsquo;anglais. J&rsquo;aime apprendre les bases d&rsquo;autres langues comme l&rsquo;italien, le turc ou le portugais, juste pour le plaisir.<\/p>\n\n<h2 class=\"wp-block-heading\" id=\"h-what-specific-seo-challenges-can-you-help-with\">Quels sont les d\u00e9fis sp\u00e9cifiques en mati\u00e8re de r\u00e9f\u00e9rencement que vous pouvez aider \u00e0 relever ?<\/h2>\n\n<p>L&rsquo;une de mes sp\u00e9cialit\u00e9s est l&rsquo;architecture de l&rsquo;information pour le r\u00e9f\u00e9rencement, le contenu et la recherche de probl\u00e8mes, la d\u00e9tection et les solutions rapides pour le r\u00e9f\u00e9rencement.<\/p>\n\n<p>J&rsquo;ai r\u00e9dig\u00e9 et d\u00e9velopp\u00e9 avec succ\u00e8s des strat\u00e9gies de r\u00e9f\u00e9rencement pour des moyennes et grandes entreprises. Mon exp\u00e9rience en mati\u00e8re de recherche multilingue et internationale m&rsquo;a permis de travailler avec des entreprises du secteur priv\u00e9 et du secteur public, principalement dans les domaines de l&rsquo;administration, de l&rsquo;\u00e9ducation, du B2B, du commerce \u00e9lectronique et des sites d&rsquo;offres d&#8217;emploi.<\/p>\n\n<p>Je suis \u00e9galement un fervent partisan du marketing de contenu comme moyen de renforcer le r\u00e9f\u00e9rencement via l&rsquo;acquisition ou la cr\u00e9ation de liens.<\/p>\n\n<p>Enfin, je crois fermement au pouvoir des mots-cl\u00e9s, des th\u00e8mes, de l&rsquo;audience et de la recherche sur les concurrents comme moyen de trouver cet avantage concurrentiel pour mes clients qui peut les aider \u00e0 se d\u00e9marquer.<\/p>\n\n<h2 class=\"wp-block-heading\" id=\"h-wordpress-and-affiliate-marketing\">Apprentissage continu<\/h2>\n\n<p>Pendant mon temps libre, j&rsquo;aime d\u00e9velopper des sites web et des blogs wordpress dans \u00e0 peu pr\u00e8s toutes les niches qui m&rsquo;int\u00e9ressent personnellement et trouver des moyens de les mon\u00e9tiser par le biais de canaux de marketing d&rsquo;affiliation.<\/p>\n\n<p>Cela ne semble peut-\u00eatre pas tr\u00e8s pertinent pour moi qui suis consultant, mais en fait, faire du r\u00e9f\u00e9rencement dans des environnements non corporatifs est une formation totalement diff\u00e9rente en raison des quelques limitations qui existent. Cela m&rsquo;aide \u00e0 comprendre le paysage des moteurs de recherche en dehors des grands r\u00e9seaux de sites web et compl\u00e8te ma formation continue en marketing de recherche.<\/p>\n\n<p>Je suis un \u00e9ternel \u00e9tudiant et apprenant dans le monde du marketing num\u00e9rique. Je suis un grand fan de WordPress en tant que CMS complet, mais la plateforme sur laquelle j&rsquo;ai le plus travaill\u00e9 ces derniers temps est React, et en particulier le framework NextJS.<\/p>\n\n<p>Dans mon blog, j&rsquo;\u00e9cris sur le marketing Internet, les processus et strat\u00e9gies SEO, Javascript SEO et le marketing d&rsquo;affiliation. Je tweete \u00e9galement sur le SEO et le marketing des moteurs de recherche \u00e0 l&rsquo;adresse <a href=\"https:\/\/twitter.com\/davidcarralon\" rel=\"noopener\">@davidcarralon<\/a> <\/p>\n\n<h2 class=\"wp-block-heading\" id=\"h-so-what-s-the-next-step-to-hire-you-or-request-your-advice\">Quelle est la prochaine \u00e9tape pour vous engager ou vous demander conseil ?<\/h2>\n\n<p>N&rsquo;h\u00e9sitez pas \u00e0 <a href=\"https:\/\/davidcarralon.com\/fr\/contactez-moi\">me contacter<\/a> en premier lieu en m&rsquo;envoyant un message d\u00e9crivant votre projet, vos d\u00e9fis et vos objectifs, ainsi que votre site web et vos coordonn\u00e9es pour que je puisse vous envoyer une proposition. <\/p>\n\n<p>Je vous r\u00e9pondrai dans les 24 heures.<\/p>\n","protected":false},"excerpt":{"rendered":"<p>Je suis un consultant international en r\u00e9f\u00e9rencement bas\u00e9 en France, op\u00e9rant sur un certain nombre de march\u00e9s diff\u00e9rents \u00e0 l&rsquo;int\u00e9rieur et \u00e0 l&rsquo;ext\u00e9rieur de l&rsquo;UE. J&rsquo;apporte avec moi pr\u00e8s de deux d\u00e9cennies d&rsquo;exp\u00e9rience dans le domaine du r\u00e9f\u00e9rencement et du marketing Internet. J&rsquo;ai travaill\u00e9 en interne pour de grandes multinationales en menant \u00e0 bien des &hellip;<\/p>\n","protected":false},"author":2,"featured_media":1446699,"parent":0,"menu_order":0,"comment_status":"closed","ping_status":"closed","template":"","meta":{"_acf_changed":false,"_genesis_hide_title":false,"_genesis_hide_breadcrumbs":false,"_genesis_hide_singular_image":false,"_genesis_hide_footer_widgets":false,"_genesis_custom_body_class":"","_genesis_custom_post_class":"","_genesis_layout":"","footnotes":""},"class_list":{"1":"page","2":"type-page","6":"entry"},"featured_image_src":"https:\/\/davidcarralon.com\/wp-content\/uploads\/2019\/02\/david-carralon-ISS-conference-1024x596.jpg","acf":[],"featured_image_src_square":"https:\/\/davidcarralon.com\/wp-content\/uploads\/2019\/02\/david-carralon-ISS-conference-1024x596.jpg","_links":{"self":[{"href":"https:\/\/davidcarralon.com\/fr\/wp-json\/wp\/v2\/pages\/1446698","targetHints":{"allow":["GET"]}}],"collection":[{"href":"https:\/\/davidcarralon.com\/fr\/wp-json\/wp\/v2\/pages"}],"about":[{"href":"https:\/\/davidcarralon.com\/fr\/wp-json\/wp\/v2\/types\/page"}],"author":[{"embeddable":true,"href":"https:\/\/davidcarralon.com\/fr\/wp-json\/wp\/v2\/users\/2"}],"replies":[{"embeddable":true,"href":"https:\/\/davidcarralon.com\/fr\/wp-json\/wp\/v2\/comments?post=1446698"}],"version-history":[{"count":1,"href":"https:\/\/davidcarralon.com\/fr\/wp-json\/wp\/v2\/pages\/1446698\/revisions"}],"predecessor-version":[{"id":1446700,"href":"https:\/\/davidcarralon.com\/fr\/wp-json\/wp\/v2\/pages\/1446698\/revisions\/1446700"}],"wp:featuredmedia":[{"embeddable":true,"href":"https:\/\/davidcarralon.com\/fr\/wp-json\/wp\/v2\/media\/1446699"}],"wp:attachment":[{"href":"https:\/\/davidcarralon.com\/fr\/wp-json\/wp\/v2\/media?parent=1446698"}],"curies":[{"name":"wp","href":"https:\/\/api.w.org\/{rel}","templated":true}]}}