{"id":1446687,"date":"2019-03-01T08:08:45","date_gmt":"2019-03-01T08:08:45","guid":{"rendered":"https:\/\/davidcarralon.com\/services-de-construction-de-liens"},"modified":"2024-08-25T14:20:59","modified_gmt":"2024-08-25T14:20:59","slug":"services-de-construction-de-liens","status":"publish","type":"page","link":"https:\/\/davidcarralon.com\/fr\/services-de-construction-de-liens","title":{"rendered":"Services de construction de liens"},"content":{"rendered":"\n<div class=\"wp-block-cover alignfull is-light has-sm-content-width\" style=\"min-height:712px;aspect-ratio:unset;\"><span aria-hidden=\"true\" class=\"wp-block-cover__background has-background-dim-0 has-background-dim\"><\/span><img loading=\"lazy\" decoding=\"async\" width=\"300\" height=\"125\" sizes=\"auto, 100vw\" srcset=\"https:\/\/davidcarralon.com\/wp-content\/uploads\/whitehat-linkbuilding-services-banner-1600px-300x125.png 300w, https:\/\/davidcarralon.com\/wp-content\/uploads\/whitehat-linkbuilding-services-banner-1600px-768x320.png 768w, https:\/\/davidcarralon.com\/wp-content\/uploads\/whitehat-linkbuilding-services-banner-1600px-1024x427.png 1024w, https:\/\/davidcarralon.com\/wp-content\/uploads\/whitehat-linkbuilding-services-banner-1600px-1536x640.png 1536w, https:\/\/davidcarralon.com\/wp-content\/uploads\/whitehat-linkbuilding-services-banner-1600px.png 1600w\" class=\"wp-block-cover__image-background wp-image-1155573\" src=\"https:\/\/davidcarralon.com\/wp-content\/uploads\/whitehat-linkbuilding-services-banner-1600px-300x125.png\" data-object-fit=\"cover\"\/><div class=\"wp-block-cover__inner-container is-layout-flow wp-block-cover-is-layout-flow\">\n<div class=\"wp-block-group has-sm-padding-bottom has-sm-padding-top has-body-color has-white-background-color has-text-color has-background has-light-background has-xs-content-width has-sm-padding-left has-sm-padding-right\"><div class=\"wp-block-group__inner-container is-layout-flow wp-block-group-is-layout-flow\">\n<h1 class=\"wp-block-heading has-text-align-center has-dark-color has-text-color\">Services de construction de liens<\/h1>\n<\/div><\/div>\n\n\n\n<\/div><\/div>\n\n<div class=\"wp-block-group alignfull has-background has-md-padding-top has-md-padding-bottom\" style=\"background-color:#f7f7f7\"><div class=\"wp-block-group__inner-container is-layout-flow wp-block-group-is-layout-flow\">\n<div class=\"wp-block-columns is-layout-flex wp-container-core-columns-is-layout-9d6595d7 wp-block-columns-is-layout-flex\">\n<div class=\"wp-block-column is-layout-flow wp-block-column-is-layout-flow\">\n<p>\u00cates-vous fatigu\u00e9 de recevoir des backlinks de mauvaise qualit\u00e9 de la part de vendeurs qui promettent mais ne tiennent pas leurs promesses ? Vous \u00eates \u00e0 la recherche d&rsquo;un service de backlink plus fiable et blanc pour commencer \u00e0 booster s\u00e9rieusement vos pages d&rsquo;argent ?<\/p>\n\n\n\n<p>Je peux vous aider \u00e0 augmenter vos efforts de link building ou d&rsquo;acquisition de liens et \u00e0 stimuler vos efforts de r\u00e9f\u00e9rencement.<\/p>\n\n\n\n<p>Mon offre de link building est 100% manuelle, white-hat et finalement con\u00e7ue de mani\u00e8re sp\u00e9cifique et unique pour chaque site web.<\/p>\n<\/div>\n\n\n\n<div class=\"wp-block-column is-layout-flow wp-block-column-is-layout-flow\">\n<p>En clair, il existe aujourd&rsquo;hui deux fa\u00e7ons d&rsquo;acqu\u00e9rir de nouveaux backlinks : <strong>soit vous les gagnez<\/strong>, <strong>soit vous les cr\u00e9ez.<\/strong><\/p>\n\n\n\n<p>Si votre mod\u00e8le d&rsquo;entreprise s&rsquo;appuie sur une culture de cr\u00e9ation de contenu de haute qualit\u00e9, il est facile d&rsquo;obtenir des liens. La sensibilisation et les relations publiques sont \u00e9galement facilit\u00e9es.<\/p>\n\n\n\n<p>Si toutefois la <strong>strat\u00e9gie de contenu<\/strong> ne fait pas partie de vos plans, vous avez alors besoin du type plus traditionnel de construction de liens par le biais d&rsquo;un certain nombre de m\u00e9thodes diff\u00e9rentes.<\/p>\n<\/div>\n<\/div>\n\n\n\n<div class=\"wp-block-group has-md-padding-top\"><div class=\"wp-block-group__inner-container is-layout-flow wp-block-group-is-layout-flow\">\n<div class=\"wp-block-group\"><div class=\"wp-block-group__inner-container is-layout-flow wp-block-group-is-layout-flow\">\n<h2 class=\"wp-block-heading has-text-align-center has-xl-margin-top\">Link Building ou Link Earning ?<\/h2>\n\n\n\n<hr class=\"wp-block-separator has-text-color has-css-opacity has-background is-style-default\" style=\"background-color:#34a300;color:#34a300\"\/>\n<\/div><\/div>\n<\/div><\/div>\n<\/div><\/div>\n\n<div class=\"wp-block-group alignwide has-md-padding-top has-md-padding-bottom\"><div class=\"wp-block-group__inner-container is-layout-flow wp-block-group-is-layout-flow\">\n<div class=\"wp-block-group alignwide\"><div class=\"wp-block-group__inner-container is-layout-flow wp-block-group-is-layout-flow\">\n<div class=\"wp-block-columns is-layout-flex wp-container-core-columns-is-layout-9d6595d7 wp-block-columns-is-layout-flex\">\n<div class=\"wp-block-column is-layout-flow wp-block-column-is-layout-flow\">\n<h2 class=\"wp-block-heading has-text-align-center is-style-default has-lg-font-size\"><strong>Sensibilisation et relations publiques<\/strong><\/h2>\n\n\n<div class=\"wp-block-image\">\n<figure class=\"aligncenter size-large\"><img loading=\"lazy\" decoding=\"async\" width=\"276\" height=\"206\" src=\"https:\/\/davidcarralon.com\/wp-content\/uploads\/outreach-pr-1.png\" alt=\"\" class=\"wp-image-1155748\"\/><\/figure><\/div><\/div>\n\n\n\n<div class=\"wp-block-column is-layout-flow wp-block-column-is-layout-flow\">\n<h2 class=\"wp-block-heading has-text-align-center has-lg-font-size\"><strong>Marketing de contenu<\/strong><\/h2>\n\n\n<div class=\"wp-block-image\">\n<figure class=\"aligncenter size-large\"><img loading=\"lazy\" decoding=\"async\" width=\"276\" height=\"205\" src=\"https:\/\/davidcarralon.com\/wp-content\/uploads\/content-marketing-1.png\" alt=\"\" class=\"wp-image-1155747\"\/><\/figure><\/div><\/div>\n\n\n\n<div class=\"wp-block-column is-layout-flow wp-block-column-is-layout-flow\">\n<h2 class=\"wp-block-heading has-text-align-center has-lg-font-size\"><strong>Cr\u00e9ation de Link Bait<\/strong><\/h2>\n\n\n<div class=\"wp-block-image\">\n<figure class=\"aligncenter size-large\"><img loading=\"lazy\" decoding=\"async\" width=\"276\" height=\"205\" src=\"https:\/\/davidcarralon.com\/wp-content\/uploads\/linkbait-creation-1.png\" alt=\"\" class=\"wp-image-1155749\"\/><\/figure><\/div><\/div>\n\n\n\n<div class=\"wp-block-column is-layout-flow wp-block-column-is-layout-flow\">\n<h2 class=\"wp-block-heading has-text-align-center has-lg-font-size\"><strong>Les secrets de la construction de liens<\/strong><\/h2>\n\n\n<div class=\"wp-block-image\">\n<figure class=\"aligncenter size-large\"><img loading=\"lazy\" decoding=\"async\" width=\"276\" height=\"206\" src=\"https:\/\/davidcarralon.com\/wp-content\/uploads\/link-building-hacks.png\" alt=\"\" class=\"wp-image-1155624\" srcset=\"https:\/\/davidcarralon.com\/wp-content\/uploads\/link-building-hacks-260x195.png 260w, https:\/\/davidcarralon.com\/wp-content\/uploads\/link-building-hacks.png 276w\" sizes=\"auto, (max-width: 276px) 100vw, 276px\" \/><\/figure><\/div><\/div>\n<\/div>\n<\/div><\/div>\n<\/div><\/div>\n\n<div class=\"wp-block-group alignfull has-md-padding-top has-md-padding-bottom\"><div class=\"wp-block-group__inner-container is-layout-flow wp-block-group-is-layout-flow\">\n<div class=\"wp-block-buttons is-content-justification-center is-layout-flex wp-container-core-buttons-is-layout-16018d1d wp-block-buttons-is-layout-flex\">\n<div class=\"wp-block-button\" style=\"--button-background:#f99e0c;--button-background-hover:#cc8005;--button-border-radius:50px;\"><a class=\"wp-block-button__link button  wp-element-button\" href=\"https:\/\/davidcarralon.com\/link-building\/request\" style=\"border-radius:50px;background-color:#f99e0c\">Oui, je suis int\u00e9ress\u00e9 par vos strat\u00e9gies de construction de liens.<\/a><\/div>\n\n<\/div>\n\n\n\n<h2 class=\"wp-block-heading has-text-align-center has-xxxxl-margin-top\">Pourquoi me choisir comme partenaire de link building ?<\/h2>\n\n\n\n<hr class=\"wp-block-separator has-text-color has-css-opacity has-background is-style-default\" style=\"background-color:#34a300;color:#34a300\"\/>\n\n\n\n<p><br\/>Avant de confier \u00e0 quelqu&rsquo;un la t\u00e2che de construire des liens pour votre site web, il est bien s\u00fbr judicieux de v\u00e9rifier s&rsquo;il y a des signes de comp\u00e9tence, d&rsquo;exp\u00e9rience et\/ou de preuve sociale.<\/p>\n\n\n\n<div style=\"height:57px\" aria-hidden=\"true\" class=\"wp-block-spacer\"><\/div>\n\n\n\n<div class=\"wp-block-columns is-layout-flex wp-container-core-columns-is-layout-9d6595d7 wp-block-columns-is-layout-flex\">\n<div class=\"wp-block-column is-layout-flow wp-block-column-is-layout-flow\"><div class=\"wp-block-image\">\n<figure class=\"aligncenter size-large\"><img loading=\"lazy\" decoding=\"async\" width=\"144\" height=\"121\" src=\"https:\/\/davidcarralon.com\/wp-content\/uploads\/2019\/02\/cspo-certified-seal-144x121-5.png\" alt=\"\" class=\"wp-image-1155273\"\/><\/figure><\/div><\/div>\n\n\n\n<div class=\"wp-block-column is-layout-flow wp-block-column-is-layout-flow\"><div class=\"wp-block-image\">\n<figure class=\"aligncenter size-large\"><img loading=\"lazy\" decoding=\"async\" width=\"405\" height=\"124\" src=\"https:\/\/davidcarralon.com\/wp-content\/uploads\/2019\/02\/badge-google-analytics-certified-5.png\" alt=\"\" class=\"wp-image-1155275\" srcset=\"https:\/\/davidcarralon.com\/wp-content\/uploads\/2019\/02\/badge-google-analytics-certified-5-300x92.png 300w, https:\/\/davidcarralon.com\/wp-content\/uploads\/2019\/02\/badge-google-analytics-certified-5.png 405w\" sizes=\"auto, (max-width: 405px) 100vw, 405px\" \/><\/figure><\/div><\/div>\n\n\n\n<div class=\"wp-block-column is-layout-flow wp-block-column-is-layout-flow\">\n<figure class=\"wp-block-image size-large is-resized\"><img loading=\"lazy\" decoding=\"async\" src=\"https:\/\/davidcarralon.com\/wp-content\/uploads\/2019\/02\/nng-uxc-badge-5-e1578374186361.png\" alt=\"\" class=\"wp-image-1155274\" width=\"176\" height=\"152\"\/><\/figure>\n<\/div>\n\n\n\n<div class=\"wp-block-column is-layout-flow wp-block-column-is-layout-flow\"><div class=\"wp-block-image\">\n<figure class=\"aligncenter size-large\"><img loading=\"lazy\" decoding=\"async\" width=\"150\" height=\"150\" src=\"https:\/\/davidcarralon.com\/wp-content\/uploads\/2019\/02\/lrt-linkbuilding-certified-professional-150x150-5.png\" alt=\"\" class=\"wp-image-1155276\" srcset=\"https:\/\/davidcarralon.com\/wp-content\/uploads\/2019\/02\/lrt-linkbuilding-certified-professional-150x150-5-100x100.png 100w, https:\/\/davidcarralon.com\/wp-content\/uploads\/2019\/02\/lrt-linkbuilding-certified-professional-150x150-5.png 150w\" sizes=\"auto, (max-width: 150px) 100vw, 150px\" \/><\/figure><\/div><\/div>\n<\/div>\n<\/div><\/div>\n\n<div class=\"wp-block-group alignfull has-background has-md-padding-top has-md-padding-bottom\" style=\"background-color:#8db027\"><div class=\"wp-block-group__inner-container is-layout-flow wp-block-group-is-layout-flow\">\n<h2 class=\"wp-block-heading has-text-align-center has-white-color has-text-color\">Plans de cr\u00e9ation\/acquisition de liens \u00e0 partir de 2000 euros<\/h2>\n<\/div><\/div>\n\n<div class=\"wp-block-group alignfull has-background has-md-padding-top\" style=\"background-color:#f7f7f7\"><div class=\"wp-block-group__inner-container is-layout-flow wp-block-group-is-layout-flow\">\n<h2 class=\"wp-block-heading has-text-align-center has-xl-margin-top\">FAQ<\/h2>\n\n\n\n<hr class=\"wp-block-separator has-text-color has-css-opacity has-background is-style-default\" style=\"background-color:#34a300;color:#34a300\"\/>\n\n\n\n<div style=\"height:100px\" aria-hidden=\"true\" class=\"wp-block-spacer\"><\/div>\n\n\n\n<div class=\"gs-faq\" role=\"tablist\"><button class=\"gs-faq__question\" type=\"button\">What  makes a good link?<\/button><div class=\"gs-faq__answer no-animation\"><h2 class=\"gs-faq__answer__heading\">What  makes a good link?<\/h2><p><!-- wp:paragraph --><\/p>\n<p>Ideally the following requisites should be met:\u00a0<br \/>1.1. Theme for the target website should be the same as the website that will be linked, or at least in the same category, eg: if your website is about cycling, then ideally you will want links from other cycling websites but sports-related blogs or websites are relevant too. The exception to this is large media, high authority news websites. If there is a chance to get a link from the New York Times or BBC, then that's yes, despite them being too general to our cycling site. Authority and high traffic high up in the link food chain is very important, if you know what I mean<\/p>\n<p>1.2. Language: ideally you should have links mainly from websites in the same language. Exceptions exists here by all means so long as this is not overdone or looks unnatural.<\/p>\n<p><!-- \/wp:paragraph --><\/p>\n<p><!-- wp:paragraph --><\/p>\n<p>1.3. Anchor text with which links get to your website should be diverse and never over-optimized because this may end up leading to a penalty. In the majority of cases when working on content marketing campaign this aspect can be overlooked for the most. However, when doing outreach depending on the type of relationships being built, thinking of diversifying anchor text is key.\u00a0<\/p>\n<p><!-- \/wp:paragraph --><\/p>\n<p><!-- wp:paragraph --><\/p>\n<p>1.4. The page that sends the link has to be in a website with certain authority, have real traffic and a solid incoming backlink portfolio too<\/p>\n<p><!-- \/wp:paragraph --><\/p>\n<p><!-- wp:paragraph --><\/p>\n<p>1.5. The link should be contextual, whether on a resources page or a blogposts but should naturally be part of the page story. Links such as \u00a0those in ad banners, footer or sidebar do not bring in the same amount of value and are therefore avoided.<\/p>\n<p><!-- \/wp:paragraph --><\/p>\n<\/div><button class=\"gs-faq__question\" type=\"button\">Are all websites for all clients considered and managed following the same blueprint?<\/button><div class=\"gs-faq__answer no-animation\"><h2 class=\"gs-faq__answer__heading\">Are all websites for all clients considered and managed following the same blueprint?<\/h2><p><!-- wp:paragraph --><\/p>\n<p>No, I consider every client project individually and always tailor the link building strategy based upon their model, size, existing history, content gap, backlink gaps, potential towards opportunities and of course leveraging whatever strength a website may have.<\/p>\n<p><!-- \/wp:paragraph --><\/p>\n<\/div><button class=\"gs-faq__question\" type=\"button\">Why should we choose you to do our link building?<\/button><div class=\"gs-faq__answer no-animation\"><h2 class=\"gs-faq__answer__heading\">Why should we choose you to do our link building?<\/h2><p><!-- wp:paragraph --><\/p>\n<p>A good link building strategy depends on many more factors than simply reaching certain number of inbound links. One needs to take into account the specificities of the niche, the market landscape, the scope, the opportunities that exists, the client's website and whether it lends itself to content expansion, the brand parameters, how much competition exists and the strength of competitors's link profiles, the potential risk to penalisations.&nbsp;<\/p>\n<p><!-- \/wp:paragraph --><\/p>\n<p><!-- wp:paragraph --><\/p>\n<p>That's how I work.&nbsp;<\/p>\n<p><!-- \/wp:paragraph --><\/p>\n<p><!-- wp:paragraph --><\/p>\n<p>If you are going to compare my proposal with that of a vendor that sources his links from existing industry brokers or vendors with pre-filled spreadsheets of potential sources for links, then you won't be measuring apples with apples and therefore not make the right decision. My link building is manual and customised to each individual client.&nbsp;<\/p>\n<p><!-- \/wp:paragraph --><\/p>\n<p><!-- wp:paragraph --><\/p>\n<p>A correct link building strategy makes a difference compared to competitors, which means obvious increases in traffic and, ultimately, revenue. It is impossible to compete without making a good link building strategy. Which is not far from simple.<\/p>\n<p><!-- \/wp:paragraph --><\/p>\n<\/div><button class=\"gs-faq__question\" type=\"button\">What is the cost of your link building services?<\/button><div class=\"gs-faq__answer no-animation\"><h2 class=\"gs-faq__answer__heading\">What is the cost of your link building services?<\/h2><p><!-- wp:paragraph --><\/p>\n<p>The basic package is \u20ac2000 providing you have link-bait content on your website. Otherwise, the cost may go up beyond \u20ac3000 to cater for content production, strategy calls, additional consultancy, etc. <\/p>\n<p><!-- \/wp:paragraph --><\/p>\n<\/div><button class=\"gs-faq__question\" type=\"button\">What are the benefits of link building<\/button><div class=\"gs-faq__answer no-animation\"><h2 class=\"gs-faq__answer__heading\">What are the benefits of link building<\/h2><p><!-- wp:paragraph --><\/p>\n<p>External links also help build relationships with other websites, benefiting SEO and branding. When other websites link to your content, it can help increase your domain authority and search engine rankings.&nbsp;<\/p>\n<p><!-- \/wp:paragraph --><\/p>\n<p><!-- wp:paragraph --><\/p>\n<p>For example, if you are talking about the benefits of organic food and you link to a website that provides scientific evidence, it shows your readers that you have done your research.<\/p>\n<p><!-- \/wp:paragraph --><\/p>\n<p><!-- wp:paragraph --><\/p>\n<p>Gaining your reader's trust will take longer if you don't have domain authority or external linking. Your goal when creating content is to generate leads and turn those leads into raving advocates. To accomplish this, you must have the trust of your readers.<\/p>\n<p><!-- \/wp:paragraph --><\/p>\n<p><!-- wp:paragraph --><\/p>\n<p>Building relationships with other websites enable you to create a network of industry experts and potential customers who can provide valuable feedback and help promote your content.<\/p>\n<p><!-- \/wp:paragraph --><\/p>\n<\/div><\/div>\n\n\n\n<div style=\"height:72px\" aria-hidden=\"true\" class=\"wp-block-spacer\"><\/div>\n\n\n\n<div class=\"wp-block-buttons is-content-justification-center is-layout-flex wp-container-core-buttons-is-layout-16018d1d wp-block-buttons-is-layout-flex\">\n<div class=\"wp-block-button\" style=\"--button-background:#f99e0c;--button-background-hover:#cc8005;--button-border-radius:50px;\"><a class=\"wp-block-button__link button  wp-element-button\" href=\"https:\/\/davidcarralon.com\/link-building\/request\" style=\"border-radius:50px;background-color:#f99e0c\">Demander un Link Building ou un appel<\/a><\/div>\n\n<\/div>\n\n\n\n<div style=\"height:35px\" aria-hidden=\"true\" class=\"wp-block-spacer\"><\/div>\n\n\n\n<h2 class=\"wp-block-heading has-text-align-center\"><strong>La construction de liens fonctionne-t-elle encore ?<\/strong><\/h2>\n\n\n\n<hr class=\"wp-block-separator has-text-color has-css-opacity has-background is-style-default\" style=\"background-color:#34a300;color:#34a300\"\/>\n<\/div><\/div>\n\n<div class=\"wp-block-group alignfull has-background has-md-content-width has-md-padding-bottom\" style=\"background-color:#f7f7f7\"><div class=\"wp-block-group__inner-container is-layout-flow wp-block-group-is-layout-flow\">\n<div class=\"wp-block-columns is-layout-flex wp-container-core-columns-is-layout-9d6595d7 wp-block-columns-is-layout-flex\">\n<div class=\"wp-block-column is-layout-flow wp-block-column-is-layout-flow\">\n<p>La r\u00e9ponse courte est oui. Cependant, il est facile de tout g\u00e2cher rapidement \u00e0 l&rsquo;\u00e8re des moteurs de recherche. Comme je l&rsquo;ai mentionn\u00e9 plus haut, les algorithmes de Google sont aujourd&rsquo;hui suffisamment intelligents pour comprendre quand un lien n&rsquo;est pas naturel. Il se peut que vous frappiez \u00e0 la mauvaise porte pendant des mois et que vous vous rendiez compte que votre cr\u00e9ation de liens ne fonctionne pas.<\/p>\n<\/div>\n\n\n\n<div class=\"wp-block-column is-layout-flow wp-block-column-is-layout-flow\">\n<p>Aujourd&rsquo;hui, la meilleure fa\u00e7on de construire des liens est d&rsquo;imiter le processus de construction de liens naturels dans son int\u00e9gralit\u00e9. Ou mieux encore, travaillez sur votre marketing de contenu et votre strat\u00e9gie de contenu pour vous assurer que l&rsquo;entr\u00e9e se fait le plus naturellement possible.<\/p>\n\n\n\n<p>La construction de liens internes est, dans de nombreux cas, l&rsquo;endroit o\u00f9 se trouvent les \u0153ufs d&rsquo;or des opportunit\u00e9s.<\/p>\n<\/div>\n<\/div>\n<\/div><\/div>\n\n<div class=\"wp-block-cover alignfull is-light\" style=\"min-height:667px;aspect-ratio:unset;\"><span aria-hidden=\"true\" class=\"wp-block-cover__background has-background-dim-0 has-background-dim\"><\/span><img loading=\"lazy\" decoding=\"async\" width=\"300\" height=\"125\" sizes=\"auto, 100vw\" srcset=\"https:\/\/davidcarralon.com\/wp-content\/uploads\/linkbuilding-services-that-work-banner-1600px-300x125.png 300w, https:\/\/davidcarralon.com\/wp-content\/uploads\/linkbuilding-services-that-work-banner-1600px-768x320.png 768w, https:\/\/davidcarralon.com\/wp-content\/uploads\/linkbuilding-services-that-work-banner-1600px-1024x427.png 1024w, https:\/\/davidcarralon.com\/wp-content\/uploads\/linkbuilding-services-that-work-banner-1600px-1536x640.png 1536w, https:\/\/davidcarralon.com\/wp-content\/uploads\/linkbuilding-services-that-work-banner-1600px.png 1600w\" class=\"wp-block-cover__image-background wp-image-1155511\" src=\"https:\/\/davidcarralon.com\/wp-content\/uploads\/linkbuilding-services-that-work-banner-1600px-300x125.png\" data-object-fit=\"cover\"\/><div class=\"wp-block-cover__inner-container is-layout-flow wp-block-cover-is-layout-flow\">\n<p class=\"has-text-align-center has-large-font-size\"><\/p>\n<\/div><\/div>\n\n<div class=\"wp-block-group alignfull has-background has-md-content-width has-md-padding-top has-md-padding-bottom\" style=\"background-color:#f7f7f7\"><div class=\"wp-block-group__inner-container is-layout-flow wp-block-group-is-layout-flow\">\n<h2 class=\"wp-block-heading has-text-align-center has-xxl-margin-bottom\"><strong>Construction de liens en bricolage <\/strong><\/h2>\n\n\n\n<div class=\"wp-block-columns is-layout-flex wp-container-core-columns-is-layout-9d6595d7 wp-block-columns-is-layout-flex\">\n<div class=\"wp-block-column is-layout-flow wp-block-column-is-layout-flow\">\n<p>\u00cates-vous d\u00e9prim\u00e9 parce que vous avez une entreprise \u00e0 g\u00e9rer mais pas assez d&rsquo;argent pour construire des liens ? Si ce n&rsquo;est pas le cas, ma collection d&rsquo;articles sur le link building vous donnera des id\u00e9es pour commencer \u00e0 faire du link building vous-m\u00eame.<\/p>\n<\/div>\n\n\n\n<div class=\"wp-block-column is-layout-flow wp-block-column-is-layout-flow\">\n<p>N&rsquo;h\u00e9sitez pas \u00e0 les parcourir et \u00e0 les partager avec des amis ou des membres du personnel qui pourraient en avoir besoin. Si vous avez une id\u00e9e d&rsquo;article sur la construction de liens que vous aimeriez que j&rsquo;\u00e9crive, n&rsquo;h\u00e9sitez pas \u00e0 sugg\u00e9rer un sujet en utilisant mon formulaire de contact.<\/p>\n<\/div>\n<\/div>\n<\/div><\/div>\n\n<div class=\"wp-block-group alignfull has-md-padding-top has-md-padding-bottom\"><div class=\"wp-block-group__inner-container is-layout-flow wp-block-group-is-layout-flow\">\n<h2 class=\"wp-block-heading has-text-align-center has-xxxxl-margin-top\">Ressources \u00e9ducatives sur la construction de liens<\/h2>\n\n\n\n<hr class=\"wp-block-separator has-text-color has-css-opacity has-background is-style-default\" style=\"background-color:#34a300;color:#34a300\"\/>\n\n\n\n\n\n<div style=\"height:57px\" aria-hidden=\"true\" class=\"wp-block-spacer\"><\/div>\n<\/div><\/div>\n","protected":false},"excerpt":{"rendered":"<p>\u00cates-vous fatigu\u00e9 de recevoir des backlinks de mauvaise qualit\u00e9 de la part de vendeurs qui promettent mais ne tiennent pas leurs promesses ? Vous \u00eates \u00e0 la recherche d&rsquo;un service de backlink plus fiable et blanc pour commencer \u00e0 booster s\u00e9rieusement vos pages d&rsquo;argent ? Je peux vous aider \u00e0 augmenter vos efforts de link &hellip;<\/p>\n","protected":false},"author":2,"featured_media":1513420,"parent":0,"menu_order":0,"comment_status":"closed","ping_status":"closed","template":"","meta":{"_acf_changed":false,"_genesis_hide_title":false,"_genesis_hide_breadcrumbs":false,"_genesis_hide_singular_image":false,"_genesis_hide_footer_widgets":false,"_genesis_custom_body_class":"","_genesis_custom_post_class":"","_genesis_layout":"full-width-content","footnotes":""},"class_list":{"1":"page","2":"type-page","6":"entry"},"featured_image_src":"https:\/\/davidcarralon.com\/wp-content\/uploads\/ai-business-integration-v1-600x400.png","acf":[],"featured_image_src_square":"https:\/\/davidcarralon.com\/wp-content\/uploads\/ai-business-integration-v1-600x500.png","_links":{"self":[{"href":"https:\/\/davidcarralon.com\/fr\/wp-json\/wp\/v2\/pages\/1446687","targetHints":{"allow":["GET"]}}],"collection":[{"href":"https:\/\/davidcarralon.com\/fr\/wp-json\/wp\/v2\/pages"}],"about":[{"href":"https:\/\/davidcarralon.com\/fr\/wp-json\/wp\/v2\/types\/page"}],"author":[{"embeddable":true,"href":"https:\/\/davidcarralon.com\/fr\/wp-json\/wp\/v2\/users\/2"}],"replies":[{"embeddable":true,"href":"https:\/\/davidcarralon.com\/fr\/wp-json\/wp\/v2\/comments?post=1446687"}],"version-history":[{"count":1,"href":"https:\/\/davidcarralon.com\/fr\/wp-json\/wp\/v2\/pages\/1446687\/revisions"}],"predecessor-version":[{"id":1446697,"href":"https:\/\/davidcarralon.com\/fr\/wp-json\/wp\/v2\/pages\/1446687\/revisions\/1446697"}],"wp:featuredmedia":[{"embeddable":true,"href":"https:\/\/davidcarralon.com\/fr\/wp-json\/wp\/v2\/media\/1513420"}],"wp:attachment":[{"href":"https:\/\/davidcarralon.com\/fr\/wp-json\/wp\/v2\/media?parent=1446687"}],"curies":[{"name":"wp","href":"https:\/\/api.w.org\/{rel}","templated":true}]}}