{"id":1446684,"date":"2017-04-06T10:35:39","date_gmt":"2017-04-06T10:35:39","guid":{"rendered":"https:\/\/davidcarralon.com\/contactez-moi"},"modified":"2026-03-13T09:36:55","modified_gmt":"2026-03-13T09:36:55","slug":"contactez-moi","status":"publish","type":"page","link":"https:\/\/davidcarralon.com\/fr\/contactez-moi","title":{"rendered":"Contactez moi"},"content":{"rendered":"\n\n\n<div class=\"wp-block-cover\"><span aria-hidden=\"true\" class=\"wp-block-cover__background has-primary-background-color has-background-dim-100 has-background-dim\"><\/span><div class=\"wp-block-cover__inner-container is-layout-flow wp-block-cover-is-layout-flow\">\n<h1 class=\"wp-block-heading has-text-align-center has-large-font-size\">Utilisez ce formulaire pour me contacter <\/h1>\n\n\n\n<h1 class=\"wp-block-heading has-text-align-center has-large-font-size\">&#8211; Consultation ou demande de renseignements g\u00e9n\u00e9raux &#8211;<\/h1>\n<\/div><\/div>\n\n\n\n<h1 class=\"wp-block-heading has-text-align-center is-style-default\"><\/h1>\n\n\n\n<p class=\"has-text-align-center has-xl-font-size\"><strong>D\u00e9crivez bri\u00e8vement votre projet, vos objectifs et votre budget.<\/strong><\/p>\n\n\n\n<div class=\"wp-block-columns is-layout-flex wp-container-core-columns-is-layout-9d6595d7 wp-block-columns-is-layout-flex\">\n<div class=\"wp-block-column is-layout-flow wp-block-column-is-layout-flow\" style=\"flex-basis:100%\">\n<script src=\"https:\/\/embed.formaloo.me\/v1\/main.js\" defer async><\/script>\n    <div class=\"formaloo--root-container\" data-form-slug=\"3gotsS9h\" style=\"width:100%;height:750px\"><\/div>\n<\/div>\n\n\n\n<div class=\"wp-block-column is-layout-flow wp-block-column-is-layout-flow\" style=\"flex-basis:30%\">\n<p><strong>David Carralon<\/strong><br><strong>37 Rue Maurice Ripoche,<br>Paris 75014<\/strong><\/p>\n\n\n\n<p>Tel. +33 (0)6.33.58.80.43<\/p>\n\n\n\n<p><strong><em>Appreciation client :<\/em><\/strong> <\/p>\n\n\n\n<div style=\"background-color:#f2f2f2;color:#32373c\" class=\"wp-block-atomic-blocks-ab-testimonial left-aligned ab-has-avatar ab-font-size-16 ab-block-testimonial\"><div class=\"ab-testimonial-text\"><p><em>\u00ab\u00a0J&rsquo;ai engag\u00e9 David pour nous aider \u00e0 effectuer une migration compliqu\u00e9e d&rsquo;un site web standard en PHP vers React en utilisant SSR et le framework Next.js. Le site comportait de nombreux \u00e9l\u00e9ments mobiles sur le front-end et David nous a fourni le soutien n\u00e9cessaire en mati\u00e8re de bonnes pratiques SEO pour \u00e9viter une d\u00e9gradation du r\u00e9f\u00e9rencement. Ce projet a \u00e9t\u00e9 men\u00e9 avec une coordination des \u00e9quipes IT et marketing. La migration du site a \u00e9t\u00e9 un succ\u00e8s.\u00a0\u00bb<\/em><\/p><\/div><div class=\"ab-testimonial-info\"><div class=\"ab-testimonial-avatar-wrap\"><div class=\"ab-testimonial-image-wrap\"><img decoding=\"async\" class=\"ab-testimonial-avatar\" src=\"https:\/\/davidcarralon.com\/wp-content\/uploads\/damien-michaud.jpeg\" alt=\"avatar\"\/><\/div><\/div><h2 class=\"ab-testimonial-name\" style=\"color:#32373c\">Damien Michaud<\/h2><small class=\"ab-testimonial-title\" style=\"color:#32373c\">Responsable du marketing num\u00e9rique<\/small><\/div><\/div>\n\n\n\n<p>Pour plus de commentaires, voir mon <a href=\"https:\/\/www.linkedin.com\/in\/carralon\/\" rel=\"noopener\">profil Linkedin<\/a><\/p>\n<\/div>\n<\/div>\n","protected":false},"excerpt":{"rendered":"<p>D\u00e9crivez bri\u00e8vement votre projet, vos objectifs et votre budget. David Carralon37 Rue Maurice Ripoche,Paris 75014 Tel. +33 (0)6.33.58.80.43 Appreciation client : Pour plus de commentaires, voir mon profil Linkedin<\/p>\n","protected":false},"author":2,"featured_media":1512474,"parent":0,"menu_order":0,"comment_status":"closed","ping_status":"closed","template":"","meta":{"_acf_changed":false,"_genesis_hide_title":false,"_genesis_hide_breadcrumbs":false,"_genesis_hide_singular_image":false,"_genesis_hide_footer_widgets":false,"_genesis_custom_body_class":"","_genesis_custom_post_class":"","_genesis_layout":"wide-content","footnotes":""},"class_list":{"1":"page","2":"type-page","6":"entry"},"featured_image_src":"https:\/\/davidcarralon.com\/wp-content\/uploads\/2019\/02\/david-carralon-speaking-international-search-summit-conference-1280.jpg","acf":[],"featured_image_src_square":"https:\/\/davidcarralon.com\/wp-content\/uploads\/2019\/02\/david-carralon-speaking-international-search-summit-conference-1280.jpg","_links":{"self":[{"href":"https:\/\/davidcarralon.com\/fr\/wp-json\/wp\/v2\/pages\/1446684","targetHints":{"allow":["GET"]}}],"collection":[{"href":"https:\/\/davidcarralon.com\/fr\/wp-json\/wp\/v2\/pages"}],"about":[{"href":"https:\/\/davidcarralon.com\/fr\/wp-json\/wp\/v2\/types\/page"}],"author":[{"embeddable":true,"href":"https:\/\/davidcarralon.com\/fr\/wp-json\/wp\/v2\/users\/2"}],"replies":[{"embeddable":true,"href":"https:\/\/davidcarralon.com\/fr\/wp-json\/wp\/v2\/comments?post=1446684"}],"version-history":[{"count":6,"href":"https:\/\/davidcarralon.com\/fr\/wp-json\/wp\/v2\/pages\/1446684\/revisions"}],"predecessor-version":[{"id":1513282,"href":"https:\/\/davidcarralon.com\/fr\/wp-json\/wp\/v2\/pages\/1446684\/revisions\/1513282"}],"wp:featuredmedia":[{"embeddable":true,"href":"https:\/\/davidcarralon.com\/fr\/wp-json\/wp\/v2\/media\/1512474"}],"wp:attachment":[{"href":"https:\/\/davidcarralon.com\/fr\/wp-json\/wp\/v2\/media?parent=1446684"}],"curies":[{"name":"wp","href":"https:\/\/api.w.org\/{rel}","templated":true}]}}