{"id":1294893,"date":"2019-03-01T08:08:45","date_gmt":"2019-03-01T08:08:45","guid":{"rendered":"https:\/\/davidcarralon.com\/servicios-de-creacion-de-enlaces"},"modified":"2026-04-06T07:06:39","modified_gmt":"2026-04-06T07:06:39","slug":"servicios-de-creacion-de-enlaces","status":"publish","type":"page","link":"https:\/\/davidcarralon.com\/es\/servicios-de-creacion-de-enlaces","title":{"rendered":"Servicios de creaci\u00f3n de enlaces"},"content":{"rendered":"\n<div class=\"wp-block-cover alignfull is-light has-sm-content-width\" style=\"min-height:712px;aspect-ratio:unset;\"><span aria-hidden=\"true\" class=\"wp-block-cover__background has-background-dim-0 has-background-dim\"><\/span><img loading=\"lazy\" decoding=\"async\" width=\"300\" height=\"125\" sizes=\"auto, 100vw\" srcset=\"https:\/\/davidcarralon.com\/wp-content\/uploads\/whitehat-linkbuilding-services-banner-1600px-300x125.png 300w, https:\/\/davidcarralon.com\/wp-content\/uploads\/whitehat-linkbuilding-services-banner-1600px-768x320.png 768w, https:\/\/davidcarralon.com\/wp-content\/uploads\/whitehat-linkbuilding-services-banner-1600px-1024x427.png 1024w, https:\/\/davidcarralon.com\/wp-content\/uploads\/whitehat-linkbuilding-services-banner-1600px-1536x640.png 1536w, https:\/\/davidcarralon.com\/wp-content\/uploads\/whitehat-linkbuilding-services-banner-1600px.png 1600w\" class=\"wp-block-cover__image-background wp-image-1155573\" src=\"https:\/\/davidcarralon.com\/wp-content\/uploads\/whitehat-linkbuilding-services-banner-1600px-300x125.png\" data-object-fit=\"cover\"\/><div class=\"wp-block-cover__inner-container is-layout-flow wp-block-cover-is-layout-flow\">\n<div class=\"wp-block-group has-sm-padding-bottom has-sm-padding-top has-body-color has-white-background-color has-text-color has-background has-light-background has-xs-content-width has-sm-padding-left has-sm-padding-right\"><div class=\"wp-block-group__inner-container is-layout-flow wp-block-group-is-layout-flow\">\n<h1 class=\"wp-block-heading has-text-align-center has-dark-color has-text-color\">Servicios de creaci\u00f3n de enlaces<\/h1>\n<\/div><\/div>\n\n\n\n<\/div><\/div>\n\n<div class=\"wp-block-group alignfull has-background has-md-padding-top has-md-padding-bottom\" style=\"background-color:#f7f7f7\"><div class=\"wp-block-group__inner-container is-layout-flow wp-block-group-is-layout-flow\">\n<div class=\"wp-block-columns is-layout-flex wp-container-core-columns-is-layout-9d6595d7 wp-block-columns-is-layout-flex\">\n<div class=\"wp-block-column is-layout-flow wp-block-column-is-layout-flow\">\n<p>\u00bfEst\u00e1s cansado de conseguir backlinks cutres y de baja calidad de proveedores que prometen pero no cumplen? \u00bfest\u00e1 buscando un servicio de backlinks m\u00e1s fiable y de sombrero blanco para empezar en serio a impulsar sus p\u00e1ginas de dinero?<\/p>\n\n\n\n<p>Puedo ayudarle a aumentar sus esfuerzos de construcci\u00f3n o adquisici\u00f3n de enlaces y a impulsar sus esfuerzos de SEO.<\/p>\n\n\n\n<p>Mi oferta de construcci\u00f3n de enlaces es 100% manual, de sombrero blanco y, en \u00faltima instancia, concebida espec\u00edficamente y de forma \u00fanica para cada sitio web individual.<\/p>\n<\/div>\n\n\n\n<div class=\"wp-block-column is-layout-flow wp-block-column-is-layout-flow\">\n<p>En pocas palabras: hoy en d\u00eda hay dos formas de conseguir nuevos backlinks: o <strong>los ganas<\/strong> o <strong>los construyes<\/strong>.<\/p>\n\n\n\n<p>Si su modelo de negocio adopta una cultura de creaci\u00f3n de contenidos de alta calidad, entonces es f\u00e1cil ganar enlaces. La difusi\u00f3n y las relaciones p\u00fablicas tambi\u00e9n resultan m\u00e1s f\u00e1ciles.<\/p>\n\n\n\n<p>Sin embargo, si <strong>la estrategia de contenidos<\/strong> no est\u00e1 en sus planes, entonces necesita el tipo m\u00e1s tradicional de construcci\u00f3n de enlaces a trav\u00e9s de una serie de m\u00e9todos diferentes.<\/p>\n<\/div>\n<\/div>\n\n\n\n<div class=\"wp-block-group has-md-padding-top\"><div class=\"wp-block-group__inner-container is-layout-flow wp-block-group-is-layout-flow\">\n<div class=\"wp-block-group\"><div class=\"wp-block-group__inner-container is-layout-flow wp-block-group-is-layout-flow\">\n<h2 class=\"wp-block-heading has-text-align-center has-xl-margin-top\">\u00bfConstrucci\u00f3n de enlaces o ganancia de enlaces?<\/h2>\n\n\n\n<hr class=\"wp-block-separator has-text-color has-css-opacity has-background is-style-default\" style=\"background-color:#34a300;color:#34a300\"\/>\n<\/div><\/div>\n<\/div><\/div>\n<\/div><\/div>\n\n<div class=\"wp-block-group alignwide has-md-padding-top has-md-padding-bottom\"><div class=\"wp-block-group__inner-container is-layout-flow wp-block-group-is-layout-flow\">\n<div class=\"wp-block-group alignwide\"><div class=\"wp-block-group__inner-container is-layout-flow wp-block-group-is-layout-flow\">\n<div class=\"wp-block-columns is-layout-flex wp-container-core-columns-is-layout-9d6595d7 wp-block-columns-is-layout-flex\">\n<div class=\"wp-block-column is-layout-flow wp-block-column-is-layout-flow\">\n<h2 class=\"wp-block-heading has-text-align-center is-style-default has-lg-font-size\"><strong>Relaciones p\u00fablicas<\/strong><\/h2>\n\n\n<div class=\"wp-block-image\">\n<figure class=\"aligncenter size-large\"><img loading=\"lazy\" decoding=\"async\" width=\"276\" height=\"206\" src=\"https:\/\/davidcarralon.com\/wp-content\/uploads\/outreach-pr-1.png\" alt=\"\" class=\"wp-image-1155748\"\/><\/figure><\/div><\/div>\n\n\n\n<div class=\"wp-block-column is-layout-flow wp-block-column-is-layout-flow\">\n<h2 class=\"wp-block-heading has-text-align-center has-lg-font-size\"><strong>Marketing de contenidos<\/strong><\/h2>\n\n\n<div class=\"wp-block-image\">\n<figure class=\"aligncenter size-large\"><img loading=\"lazy\" decoding=\"async\" width=\"276\" height=\"205\" src=\"https:\/\/davidcarralon.com\/wp-content\/uploads\/content-marketing-1.png\" alt=\"\" class=\"wp-image-1155747\"\/><\/figure><\/div><\/div>\n\n\n\n<div class=\"wp-block-column is-layout-flow wp-block-column-is-layout-flow\">\n<h2 class=\"wp-block-heading has-text-align-center has-lg-font-size\"><strong>Creaci\u00f3n de enlaces<\/strong><\/h2>\n\n\n<div class=\"wp-block-image\">\n<figure class=\"aligncenter size-large\"><img loading=\"lazy\" decoding=\"async\" width=\"276\" height=\"205\" src=\"https:\/\/davidcarralon.com\/wp-content\/uploads\/linkbait-creation-1.png\" alt=\"\" class=\"wp-image-1155749\"\/><\/figure><\/div><\/div>\n\n\n\n<div class=\"wp-block-column is-layout-flow wp-block-column-is-layout-flow\">\n<h2 class=\"wp-block-heading has-text-align-center has-lg-font-size\"><strong>Trucos para construir enlaces<\/strong><\/h2>\n\n\n<div class=\"wp-block-image\">\n<figure class=\"aligncenter size-large\"><img loading=\"lazy\" decoding=\"async\" width=\"276\" height=\"206\" src=\"https:\/\/davidcarralon.com\/wp-content\/uploads\/link-building-hacks.png\" alt=\"\" class=\"wp-image-1155624\" srcset=\"https:\/\/davidcarralon.com\/wp-content\/uploads\/link-building-hacks-260x195.png 260w, https:\/\/davidcarralon.com\/wp-content\/uploads\/link-building-hacks.png 276w\" sizes=\"auto, (max-width: 276px) 100vw, 276px\" \/><\/figure><\/div><\/div>\n<\/div>\n<\/div><\/div>\n<\/div><\/div>\n\n<div class=\"wp-block-group alignfull has-md-padding-top has-md-padding-bottom\"><div class=\"wp-block-group__inner-container is-layout-flow wp-block-group-is-layout-flow\">\n<div class=\"wp-block-buttons is-content-justification-center is-layout-flex wp-container-core-buttons-is-layout-16018d1d wp-block-buttons-is-layout-flex\">\n<div class=\"wp-block-button\" style=\"--button-background:#f99e0c;--button-background-hover:#cc8005;--button-border-radius:50px;\"><a class=\"wp-block-button__link button  wp-element-button\" href=\"https:\/\/davidcarralon.com\/link-building\/request\" style=\"border-radius:50px;background-color:#f99e0c\">S\u00ed, estoy interesado en sus estrategias de construcci\u00f3n de enlaces<\/a><\/div>\n\n<\/div>\n\n\n\n<h2 class=\"wp-block-heading has-text-align-center has-xxxxl-margin-top\">\u00bfPor qu\u00e9 elegirme como su socio de construcci\u00f3n de enlaces?<\/h2>\n\n\n\n<hr class=\"wp-block-separator has-text-color has-css-opacity has-background is-style-default\" style=\"background-color:#34a300;color:#34a300\"\/>\n\n\n\n<p><br\/>Antes de encargar a alguien la tarea de crear enlaces para su sitio web, es aconsejable comprobar si hay indicios de habilidad, experiencia y\/o prueba social.<\/p>\n\n\n\n<div style=\"height:57px\" aria-hidden=\"true\" class=\"wp-block-spacer\"><\/div>\n\n\n\n<div class=\"wp-block-columns is-layout-flex wp-container-core-columns-is-layout-9d6595d7 wp-block-columns-is-layout-flex\">\n<div class=\"wp-block-column is-layout-flow wp-block-column-is-layout-flow\"><div class=\"wp-block-image\">\n<figure class=\"aligncenter size-large\"><img loading=\"lazy\" decoding=\"async\" width=\"144\" height=\"121\" src=\"https:\/\/davidcarralon.com\/wp-content\/uploads\/2019\/02\/cspo-certified-seal-144x121-5.png\" alt=\"\" class=\"wp-image-1155273\"\/><\/figure><\/div><\/div>\n\n\n\n<div class=\"wp-block-column is-layout-flow wp-block-column-is-layout-flow\"><div class=\"wp-block-image\">\n<figure class=\"aligncenter size-large\"><img loading=\"lazy\" decoding=\"async\" width=\"405\" height=\"124\" src=\"https:\/\/davidcarralon.com\/wp-content\/uploads\/2019\/02\/badge-google-analytics-certified-5.png\" alt=\"\" class=\"wp-image-1155275\" srcset=\"https:\/\/davidcarralon.com\/wp-content\/uploads\/2019\/02\/badge-google-analytics-certified-5-300x92.png 300w, https:\/\/davidcarralon.com\/wp-content\/uploads\/2019\/02\/badge-google-analytics-certified-5.png 405w\" sizes=\"auto, (max-width: 405px) 100vw, 405px\" \/><\/figure><\/div><\/div>\n\n\n\n<div class=\"wp-block-column is-layout-flow wp-block-column-is-layout-flow\">\n<figure class=\"wp-block-image size-large is-resized\"><img loading=\"lazy\" decoding=\"async\" src=\"https:\/\/davidcarralon.com\/wp-content\/uploads\/2019\/02\/nng-uxc-badge-5-e1578374186361.png\" alt=\"\" class=\"wp-image-1155274\" width=\"176\" height=\"152\"\/><\/figure>\n<\/div>\n\n\n\n<div class=\"wp-block-column is-layout-flow wp-block-column-is-layout-flow\"><div class=\"wp-block-image\">\n<figure class=\"aligncenter size-large\"><img loading=\"lazy\" decoding=\"async\" width=\"150\" height=\"150\" src=\"https:\/\/davidcarralon.com\/wp-content\/uploads\/2019\/02\/lrt-linkbuilding-certified-professional-150x150-5.png\" alt=\"\" class=\"wp-image-1155276\" srcset=\"https:\/\/davidcarralon.com\/wp-content\/uploads\/2019\/02\/lrt-linkbuilding-certified-professional-150x150-5-100x100.png 100w, https:\/\/davidcarralon.com\/wp-content\/uploads\/2019\/02\/lrt-linkbuilding-certified-professional-150x150-5.png 150w\" sizes=\"auto, (max-width: 150px) 100vw, 150px\" \/><\/figure><\/div><\/div>\n<\/div>\n<\/div><\/div>\n\n<div class=\"wp-block-group alignfull has-background has-md-padding-top has-md-padding-bottom\" style=\"background-color:#8db027\"><div class=\"wp-block-group__inner-container is-layout-flow wp-block-group-is-layout-flow\">\n<h2 class=\"wp-block-heading has-text-align-center has-white-color has-text-color\">Planes de creaci\u00f3n\/adquisici\u00f3n de enlaces a partir de 2.000 euros<\/h2>\n<\/div><\/div>\n\n<div class=\"wp-block-group alignfull has-background has-md-padding-top\" style=\"background-color:#f7f7f7\"><div class=\"wp-block-group__inner-container is-layout-flow wp-block-group-is-layout-flow\">\n<h2 class=\"wp-block-heading has-text-align-center has-xl-margin-top\">Preguntas frecuentes<\/h2>\n\n\n\n<hr class=\"wp-block-separator has-text-color has-css-opacity has-background is-style-default\" style=\"background-color:#34a300;color:#34a300\"\/>\n\n\n\n<div style=\"height:100px\" aria-hidden=\"true\" class=\"wp-block-spacer\"><\/div>\n\n\n\n<div class=\"gs-faq\" role=\"tablist\"><button class=\"gs-faq__question\" type=\"button\">What  makes a good link?<\/button><div class=\"gs-faq__answer no-animation\"><h2 class=\"gs-faq__answer__heading\">What  makes a good link?<\/h2><p><!-- wp:paragraph --><\/p>\n<p>Ideally the following requisites should be met:\u00a0<br \/>1.1. Theme for the target website should be the same as the website that will be linked, or at least in the same category, eg: if your website is about cycling, then ideally you will want links from other cycling websites but sports-related blogs or websites are relevant too. The exception to this is large media, high authority news websites. If there is a chance to get a link from the New York Times or BBC, then that's yes, despite them being too general to our cycling site. Authority and high traffic high up in the link food chain is very important, if you know what I mean<\/p>\n<p>1.2. Language: ideally you should have links mainly from websites in the same language. Exceptions exists here by all means so long as this is not overdone or looks unnatural.<\/p>\n<p><!-- \/wp:paragraph --><\/p>\n<p><!-- wp:paragraph --><\/p>\n<p>1.3. Anchor text with which links get to your website should be diverse and never over-optimized because this may end up leading to a penalty. In the majority of cases when working on content marketing campaign this aspect can be overlooked for the most. However, when doing outreach depending on the type of relationships being built, thinking of diversifying anchor text is key.\u00a0<\/p>\n<p><!-- \/wp:paragraph --><\/p>\n<p><!-- wp:paragraph --><\/p>\n<p>1.4. The page that sends the link has to be in a website with certain authority, have real traffic and a solid incoming backlink portfolio too<\/p>\n<p><!-- \/wp:paragraph --><\/p>\n<p><!-- wp:paragraph --><\/p>\n<p>1.5. The link should be contextual, whether on a resources page or a blogposts but should naturally be part of the page story. Links such as \u00a0those in ad banners, footer or sidebar do not bring in the same amount of value and are therefore avoided.<\/p>\n<p><!-- \/wp:paragraph --><\/p>\n<\/div><button class=\"gs-faq__question\" type=\"button\">Are all websites for all clients considered and managed following the same blueprint?<\/button><div class=\"gs-faq__answer no-animation\"><h2 class=\"gs-faq__answer__heading\">Are all websites for all clients considered and managed following the same blueprint?<\/h2><p><!-- wp:paragraph --><\/p>\n<p>No, I consider every client project individually and always tailor the link building strategy based upon their model, size, existing history, content gap, backlink gaps, potential towards opportunities and of course leveraging whatever strength a website may have.<\/p>\n<p><!-- \/wp:paragraph --><\/p>\n<\/div><button class=\"gs-faq__question\" type=\"button\">Why should we choose you to do our link building?<\/button><div class=\"gs-faq__answer no-animation\"><h2 class=\"gs-faq__answer__heading\">Why should we choose you to do our link building?<\/h2><p><!-- wp:paragraph --><\/p>\n<p>A good link building strategy depends on many more factors than simply reaching certain number of inbound links. One needs to take into account the specificities of the niche, the market landscape, the scope, the opportunities that exists, the client's website and whether it lends itself to content expansion, the brand parameters, how much competition exists and the strength of competitors's link profiles, the potential risk to penalisations.&nbsp;<\/p>\n<p><!-- \/wp:paragraph --><\/p>\n<p><!-- wp:paragraph --><\/p>\n<p>That's how I work.&nbsp;<\/p>\n<p><!-- \/wp:paragraph --><\/p>\n<p><!-- wp:paragraph --><\/p>\n<p>If you are going to compare my proposal with that of a vendor that sources his links from existing industry brokers or vendors with pre-filled spreadsheets of potential sources for links, then you won't be measuring apples with apples and therefore not make the right decision. My link building is manual and customised to each individual client.&nbsp;<\/p>\n<p><!-- \/wp:paragraph --><\/p>\n<p><!-- wp:paragraph --><\/p>\n<p>A correct link building strategy makes a difference compared to competitors, which means obvious increases in traffic and, ultimately, revenue. It is impossible to compete without making a good link building strategy. Which is not far from simple.<\/p>\n<p><!-- \/wp:paragraph --><\/p>\n<\/div><button class=\"gs-faq__question\" type=\"button\">What is the cost of your link building services?<\/button><div class=\"gs-faq__answer no-animation\"><h2 class=\"gs-faq__answer__heading\">What is the cost of your link building services?<\/h2><p><!-- wp:paragraph --><\/p>\n<p>The basic package is \u20ac2000 providing you have link-bait content on your website. Otherwise, the cost may go up beyond \u20ac3000 to cater for content production, strategy calls, additional consultancy, etc. <\/p>\n<p><!-- \/wp:paragraph --><\/p>\n<\/div><button class=\"gs-faq__question\" type=\"button\">What are the benefits of link building<\/button><div class=\"gs-faq__answer no-animation\"><h2 class=\"gs-faq__answer__heading\">What are the benefits of link building<\/h2><p><!-- wp:paragraph --><\/p>\n<p>External links also help build relationships with other websites, benefiting SEO and branding. When other websites link to your content, it can help increase your domain authority and search engine rankings.&nbsp;<\/p>\n<p><!-- \/wp:paragraph --><\/p>\n<p><!-- wp:paragraph --><\/p>\n<p>For example, if you are talking about the benefits of organic food and you link to a website that provides scientific evidence, it shows your readers that you have done your research.<\/p>\n<p><!-- \/wp:paragraph --><\/p>\n<p><!-- wp:paragraph --><\/p>\n<p>Gaining your reader's trust will take longer if you don't have domain authority or external linking. Your goal when creating content is to generate leads and turn those leads into raving advocates. To accomplish this, you must have the trust of your readers.<\/p>\n<p><!-- \/wp:paragraph --><\/p>\n<p><!-- wp:paragraph --><\/p>\n<p>Building relationships with other websites enable you to create a network of industry experts and potential customers who can provide valuable feedback and help promote your content.<\/p>\n<p><!-- \/wp:paragraph --><\/p>\n<\/div><\/div>\n\n\n\n<div style=\"height:72px\" aria-hidden=\"true\" class=\"wp-block-spacer\"><\/div>\n\n\n\n<div class=\"wp-block-buttons is-content-justification-center is-layout-flex wp-container-core-buttons-is-layout-16018d1d wp-block-buttons-is-layout-flex\">\n<div class=\"wp-block-button\" style=\"--button-background:#f99e0c;--button-background-hover:#cc8005;--button-border-radius:50px;\"><a class=\"wp-block-button__link button  wp-element-button\" href=\"https:\/\/davidcarralon.com\/link-building\/request\" style=\"border-radius:50px;background-color:#f99e0c\">Solicite un enlace o una llamada<\/a><\/div>\n\n<\/div>\n\n\n\n<div style=\"height:35px\" aria-hidden=\"true\" class=\"wp-block-spacer\"><\/div>\n\n\n\n<h2 class=\"wp-block-heading has-text-align-center\"><strong>\u00bfSigue funcionando el Link Building?<\/strong><\/h2>\n\n\n\n<hr class=\"wp-block-separator has-text-color has-css-opacity has-background is-style-default\" style=\"background-color:#34a300;color:#34a300\"\/>\n<\/div><\/div>\n\n<div class=\"wp-block-group alignfull has-background has-md-content-width has-md-padding-bottom\" style=\"background-color:#f7f7f7\"><div class=\"wp-block-group__inner-container is-layout-flow wp-block-group-is-layout-flow\">\n<div class=\"wp-block-columns is-layout-flex wp-container-core-columns-is-layout-9d6595d7 wp-block-columns-is-layout-flex\">\n<div class=\"wp-block-column is-layout-flow wp-block-column-is-layout-flow\">\n<p>La respuesta corta es s\u00ed. Sin embargo, es f\u00e1cil meter la pata r\u00e1pidamente en la era actual de los motores de b\u00fasqueda. Como mencion\u00e9 anteriormente, los algoritmos de Google son lo suficientemente inteligentes hoy en d\u00eda como para entender cu\u00e1ndo un enlace no es natural. Usted puede estar golpeando contra la puerta equivocada durante meses s\u00f3lo para darse cuenta de que su construcci\u00f3n de enlaces no funciona<\/p>\n<\/div>\n\n\n\n<div class=\"wp-block-column is-layout-flow wp-block-column-is-layout-flow\">\n<p>El camino a seguir con la construcci\u00f3n de enlaces hoy en d\u00eda es emular un proceso de construcci\u00f3n de enlaces natural en su totalidad. O mejor a\u00fan, trabaje en su marketing de contenidos y en su estrategia de contenidos para asegurarse de que esa entrada se produzca de la forma m\u00e1s natural posible.<\/p>\n\n\n\n<p>La construcci\u00f3n de enlaces internos es, en mis muchos casos, donde est\u00e1n los huevos de oro de las oportunidades.<\/p>\n<\/div>\n<\/div>\n<\/div><\/div>\n\n<div class=\"wp-block-cover alignfull is-light\" style=\"min-height:667px;aspect-ratio:unset;\"><span aria-hidden=\"true\" class=\"wp-block-cover__background has-background-dim-0 has-background-dim\"><\/span><img loading=\"lazy\" decoding=\"async\" width=\"300\" height=\"125\" sizes=\"auto, 100vw\" srcset=\"https:\/\/davidcarralon.com\/wp-content\/uploads\/linkbuilding-services-that-work-banner-1600px-300x125.png 300w, https:\/\/davidcarralon.com\/wp-content\/uploads\/linkbuilding-services-that-work-banner-1600px-768x320.png 768w, https:\/\/davidcarralon.com\/wp-content\/uploads\/linkbuilding-services-that-work-banner-1600px-1024x427.png 1024w, https:\/\/davidcarralon.com\/wp-content\/uploads\/linkbuilding-services-that-work-banner-1600px-1536x640.png 1536w, https:\/\/davidcarralon.com\/wp-content\/uploads\/linkbuilding-services-that-work-banner-1600px.png 1600w\" class=\"wp-block-cover__image-background wp-image-1155511\" src=\"https:\/\/davidcarralon.com\/wp-content\/uploads\/linkbuilding-services-that-work-banner-1600px-300x125.png\" data-object-fit=\"cover\"\/><div class=\"wp-block-cover__inner-container is-layout-flow wp-block-cover-is-layout-flow\">\n<p class=\"has-text-align-center has-large-font-size\"><\/p>\n<\/div><\/div>\n\n<div class=\"wp-block-group alignfull has-background has-md-content-width has-md-padding-top has-md-padding-bottom\" style=\"background-color:#f7f7f7\"><div class=\"wp-block-group__inner-container is-layout-flow wp-block-group-is-layout-flow\">\n<h2 class=\"wp-block-heading has-text-align-center has-xxl-margin-bottom\"><strong>Construcci\u00f3n de enlaces DIY <\/strong><\/h2>\n\n\n\n<div class=\"wp-block-columns is-layout-flex wp-container-core-columns-is-layout-9d6595d7 wp-block-columns-is-layout-flex\">\n<div class=\"wp-block-column is-layout-flow wp-block-column-is-layout-flow\">\n<p>\u00bfEst\u00e1 deprimido porque tiene un negocio que dirigir pero no tiene suficiente dinero para la construcci\u00f3n de enlaces? No tema, mi colecci\u00f3n de art\u00edculos sobre construcci\u00f3n de enlaces le dar\u00e1 ideas para empezar con la construcci\u00f3n de enlaces b\u00e1sica \u00abh\u00e1galo usted mismo\u00bb .<\/p>\n<\/div>\n\n\n\n<div class=\"wp-block-column is-layout-flow wp-block-column-is-layout-flow\">\n<p>Si\u00e9ntase libre de repasarlos y compartirlos con amigos o personal que pueda necesitarlos. Si tiene una idea para un art\u00edculo de construcci\u00f3n de enlaces sobre el que le gustar\u00eda que escribiera, no dude en sugerirme un tema a trav\u00e9s de mi formulario de contacto.<\/p>\n<\/div>\n<\/div>\n<\/div><\/div>\n\n<div class=\"wp-block-group alignfull has-md-padding-top has-md-padding-bottom\"><div class=\"wp-block-group__inner-container is-layout-flow wp-block-group-is-layout-flow\">\n<h2 class=\"wp-block-heading has-text-align-center has-xxxxl-margin-top\">Recursos educativos para la creaci\u00f3n de enlaces<\/h2>\n\n\n\n<hr class=\"wp-block-separator has-text-color has-css-opacity has-background is-style-default\" style=\"background-color:#34a300;color:#34a300\"\/>\n\n\n\n\n\n<div style=\"height:57px\" aria-hidden=\"true\" class=\"wp-block-spacer\"><\/div>\n<\/div><\/div>\n","protected":false},"excerpt":{"rendered":"<p>\u00bfEst\u00e1s cansado de conseguir backlinks cutres y de baja calidad de proveedores que prometen pero no cumplen? \u00bfest\u00e1 buscando un servicio de backlinks m\u00e1s fiable y de sombrero blanco para empezar en serio a impulsar sus p\u00e1ginas de dinero? Puedo ayudarle a aumentar sus esfuerzos de construcci\u00f3n o adquisici\u00f3n de enlaces y a impulsar sus &hellip;<\/p>\n","protected":false},"author":2,"featured_media":1513421,"parent":0,"menu_order":0,"comment_status":"closed","ping_status":"closed","template":"","meta":{"_acf_changed":false,"_genesis_hide_title":false,"_genesis_hide_breadcrumbs":false,"_genesis_hide_singular_image":false,"_genesis_hide_footer_widgets":false,"_genesis_custom_body_class":"","_genesis_custom_post_class":"","_genesis_layout":"full-width-content","footnotes":""},"class_list":{"1":"page","2":"type-page","6":"entry"},"featured_image_src":"https:\/\/davidcarralon.com\/wp-content\/uploads\/ai-business-integration-v1-600x400.png","acf":[],"featured_image_src_square":"https:\/\/davidcarralon.com\/wp-content\/uploads\/ai-business-integration-v1-600x500.png","_links":{"self":[{"href":"https:\/\/davidcarralon.com\/es\/wp-json\/wp\/v2\/pages\/1294893","targetHints":{"allow":["GET"]}}],"collection":[{"href":"https:\/\/davidcarralon.com\/es\/wp-json\/wp\/v2\/pages"}],"about":[{"href":"https:\/\/davidcarralon.com\/es\/wp-json\/wp\/v2\/types\/page"}],"author":[{"embeddable":true,"href":"https:\/\/davidcarralon.com\/es\/wp-json\/wp\/v2\/users\/2"}],"replies":[{"embeddable":true,"href":"https:\/\/davidcarralon.com\/es\/wp-json\/wp\/v2\/comments?post=1294893"}],"version-history":[{"count":1,"href":"https:\/\/davidcarralon.com\/es\/wp-json\/wp\/v2\/pages\/1294893\/revisions"}],"predecessor-version":[{"id":1294894,"href":"https:\/\/davidcarralon.com\/es\/wp-json\/wp\/v2\/pages\/1294893\/revisions\/1294894"}],"wp:featuredmedia":[{"embeddable":true,"href":"https:\/\/davidcarralon.com\/es\/wp-json\/wp\/v2\/media\/1513421"}],"wp:attachment":[{"href":"https:\/\/davidcarralon.com\/es\/wp-json\/wp\/v2\/media?parent=1294893"}],"curies":[{"name":"wp","href":"https:\/\/api.w.org\/{rel}","templated":true}]}}