{"id":1294859,"date":"2017-04-06T10:35:39","date_gmt":"2017-04-06T10:35:39","guid":{"rendered":"https:\/\/davidcarralon.com\/pongase-en-contacto-conmigo"},"modified":"2026-03-18T10:01:01","modified_gmt":"2026-03-18T10:01:01","slug":"contact","status":"publish","type":"page","link":"https:\/\/davidcarralon.com\/es\/contact","title":{"rendered":"Contacto"},"content":{"rendered":"\n\n\n<div class=\"wp-block-cover\"><span aria-hidden=\"true\" class=\"wp-block-cover__background has-primary-background-color has-background-dim-100 has-background-dim\"><\/span><div class=\"wp-block-cover__inner-container is-layout-flow wp-block-cover-is-layout-flow\">\n<h1 class=\"wp-block-heading has-text-align-center hsize has-large-font-size\">Utilice este formulario para ponerse en contacto conmigo <\/h1>\n\n\n\n<h1 class=\"wp-block-heading has-text-align-center hsize has-large-font-size\">&#8211; Consultas y solicitud de colaboraci\u00f3n &#8211;<\/h1>\n<\/div><\/div>\n\n\n\n<h1 class=\"wp-block-heading has-text-align-center is-style-default\"><\/h1>\n\n\n\n<p class=\"has-text-align-center has-xl-font-size\"><strong>Describe brevemente tu proyecto, objetivos y presupuesto, y te responder\u00e9 lo m\u00e1s rapido posible.<\/strong><\/p>\n\n\n\n<div class=\"wp-block-columns is-layout-flex wp-container-core-columns-is-layout-9d6595d7 wp-block-columns-is-layout-flex\">\n<div class=\"wp-block-column is-layout-flow wp-block-column-is-layout-flow\" style=\"flex-basis:100%\">\n<script src=\"https:\/\/embed.formaloo.me\/v1\/main.js\" defer async><\/script>\n    <div class=\"formaloo--root-container\" data-form-slug=\"3OsWqjcs\" style=\"width:100%;height:750px\"><\/div>\n<\/div>\n\n\n\n<div class=\"wp-block-column top-margin-100 is-layout-flow wp-block-column-is-layout-flow\" style=\"flex-basis:30%\">\n<p><strong>David Carral\u00f3n<\/strong><br><strong>37 Rue Maurice Ripoche,<br>Par\u00eds 75014<\/strong><\/p>\n\n\n\n<p>Tel. +33 (0)6.33.58.80.43<\/p>\n\n\n\n<p><strong><em>Opini\u00f3n de cliente:<\/em><\/strong> <\/p>\n\n\n\n<div style=\"background-color:#f2f2f2;color:#32373c\" class=\"wp-block-atomic-blocks-ab-testimonial left-aligned ab-has-avatar ab-font-size-16 ab-block-testimonial\"><div class=\"ab-testimonial-text\"><p><em>\u00abContrat\u00e9 a David para que nos ayudara a realizar una migraci\u00f3n completa de un sitio web est\u00e1ndar en PHP a React utilizando SSR y el framework Next.js. El sitio inclu\u00eda muchos elementos m\u00f3viles en el front-end y David nos proporcion\u00f3 el apoyo necesario en cuanto a buenas pr\u00e1cticas SEO para evitar una degradaci\u00f3n de las referencias. Este proyecto se llev\u00f3 a cabo con la coordinaci\u00f3n de los equipos de TI y marketing. La migraci\u00f3n del sitio web ha sido un \u00e9xito\u00bb.<\/em><\/p><\/div><div class=\"ab-testimonial-info\"><div class=\"ab-testimonial-avatar-wrap\"><div class=\"ab-testimonial-image-wrap\"><img decoding=\"async\" class=\"ab-testimonial-avatar\" src=\"https:\/\/davidcarralon.com\/wp-content\/uploads\/damien-michaud.jpeg\" alt=\"avatar\"\/><\/div><\/div><h2 class=\"ab-testimonial-name\" style=\"color:#32373c\">Damien Michaud<\/h2><small class=\"ab-testimonial-title\" style=\"color:#32373c\">Director de Marketing Digital<\/small><\/div><\/div>\n\n\n\n<p>Esta rese\u00f1as y otras, pueden ser verificadas en la secci\u00f3n de rese\u00f1as en mi <a href=\"https:\/\/www.linkedin.com\/in\/carralon\/\" rel=\"noopener\">perfil de Linkedin o en Google<\/a>.<\/p>\n<\/div>\n<\/div>\n","protected":false},"excerpt":{"rendered":"<p>Describe brevemente tu proyecto, objetivos y presupuesto, y te responder\u00e9 lo m\u00e1s rapido posible. David Carral\u00f3n37 Rue Maurice Ripoche,Par\u00eds 75014 Tel. +33 (0)6.33.58.80.43 Opini\u00f3n de cliente: Esta rese\u00f1as y otras, pueden ser verificadas en la secci\u00f3n de rese\u00f1as en mi perfil de Linkedin o en Google.<\/p>\n","protected":false},"author":2,"featured_media":1293702,"parent":0,"menu_order":0,"comment_status":"closed","ping_status":"closed","template":"","meta":{"_acf_changed":false,"_genesis_hide_title":false,"_genesis_hide_breadcrumbs":false,"_genesis_hide_singular_image":false,"_genesis_hide_footer_widgets":false,"_genesis_custom_body_class":"","_genesis_custom_post_class":"","_genesis_layout":"wide-content","footnotes":""},"class_list":{"1":"page","2":"type-page","6":"entry"},"featured_image_src":"https:\/\/davidcarralon.com\/wp-content\/uploads\/2017\/08\/davidcarralon-speaking-smx-1920x1080.jpg","acf":[],"featured_image_src_square":"https:\/\/davidcarralon.com\/wp-content\/uploads\/2017\/08\/davidcarralon-speaking-smx-1920x1080.jpg","_links":{"self":[{"href":"https:\/\/davidcarralon.com\/es\/wp-json\/wp\/v2\/pages\/1294859","targetHints":{"allow":["GET"]}}],"collection":[{"href":"https:\/\/davidcarralon.com\/es\/wp-json\/wp\/v2\/pages"}],"about":[{"href":"https:\/\/davidcarralon.com\/es\/wp-json\/wp\/v2\/types\/page"}],"author":[{"embeddable":true,"href":"https:\/\/davidcarralon.com\/es\/wp-json\/wp\/v2\/users\/2"}],"replies":[{"embeddable":true,"href":"https:\/\/davidcarralon.com\/es\/wp-json\/wp\/v2\/comments?post=1294859"}],"version-history":[{"count":29,"href":"https:\/\/davidcarralon.com\/es\/wp-json\/wp\/v2\/pages\/1294859\/revisions"}],"predecessor-version":[{"id":1513416,"href":"https:\/\/davidcarralon.com\/es\/wp-json\/wp\/v2\/pages\/1294859\/revisions\/1513416"}],"wp:featuredmedia":[{"embeddable":true,"href":"https:\/\/davidcarralon.com\/es\/wp-json\/wp\/v2\/media\/1293702"}],"wp:attachment":[{"href":"https:\/\/davidcarralon.com\/es\/wp-json\/wp\/v2\/media?parent=1294859"}],"curies":[{"name":"wp","href":"https:\/\/api.w.org\/{rel}","templated":true}]}}