{"id":1294845,"date":"2020-11-23T18:04:31","date_gmt":"2020-11-23T18:04:31","guid":{"rendered":"https:\/\/davidcarralon.com\/sobre-david-carralon"},"modified":"2026-03-18T10:03:48","modified_gmt":"2026-03-18T10:03:48","slug":"sobre-david-carralon","status":"publish","type":"page","link":"https:\/\/davidcarralon.com\/es\/sobre-david-carralon","title":{"rendered":"Quien soy"},"content":{"rendered":"\n<div class=\"wp-block-cover alignfull\" style=\"min-height:712px;aspect-ratio:unset;\"><span aria-hidden=\"true\" class=\"wp-block-cover__background has-background-dim-0 has-background-dim\"><\/span><img loading=\"lazy\" decoding=\"async\" width=\"300\" height=\"175\" sizes=\"auto, 100vw\" srcset=\"https:\/\/davidcarralon.com\/wp-content\/uploads\/2019\/02\/david-carralon-ISS-conference-1024x596-300x175.jpg 300w, https:\/\/davidcarralon.com\/wp-content\/uploads\/2019\/02\/david-carralon-ISS-conference-1024x596-600x349.jpg 600w, https:\/\/davidcarralon.com\/wp-content\/uploads\/2019\/02\/david-carralon-ISS-conference-1024x596-768x447.jpg 768w, https:\/\/davidcarralon.com\/wp-content\/uploads\/2019\/02\/david-carralon-ISS-conference-1024x596.jpg 1024w\" class=\"wp-block-cover__image-background wp-image-1153056\" alt=\"SEO training, David Carralon\" src=\"https:\/\/davidcarralon.com\/wp-content\/uploads\/2019\/02\/david-carralon-ISS-conference-1024x596-300x175.jpg\" data-object-fit=\"cover\"\/><div class=\"wp-block-cover__inner-container is-layout-flow wp-block-cover-is-layout-flow\">\n<div class=\"wp-block-group has-sm-padding-bottom has-sm-padding-top has-body-color has-white-background-color has-text-color has-background has-light-background has-xs-content-width has-sm-padding-left has-sm-padding-right\"><div class=\"wp-block-group__inner-container is-layout-flow wp-block-group-is-layout-flow\">\n<h1 class=\"wp-block-heading has-text-align-center has-dark-color has-text-color\" id=\"h-seo-consultant\">Consultor internacional de SEO<\/h1>\n<\/div><\/div>\n\n\n\n<\/div><\/div>\n\n<p class=\"has-text-align-center is-style-heading has-white-background-color has-text-color has-background has-lg-font-size\" style=\"color:#659315\">Soy un consultor SEO internacional con sede en Francia, que opera en diferentes mercados dentro y fuera de la UE.<\/p>\n\n<p class=\"has-text-align-center\">Traigo conmigo casi dos d\u00e9cadas de experiencia en SEO y Marketing en Internet. He trabajado internamente para grandes multinacionales impulsando exitosos programas de SEO y crecimiento. Como consultor independiente, tambi\u00e9n he ayudado a grandes marcas a mejorar su posicionamiento web para alcanzar sus objetivos comerciales.<\/p>\n\n<p class=\"has-text-align-center\">Puedo ayudarle con auditor\u00edas t\u00e9cnicas, implementaci\u00f3n de estrategias, trabajo de SEO de campa\u00f1as o consultas.<\/p>\n<div class=\"wp-block-image\">\n<figure class=\"alignright\"><a href=\"https:\/\/davidcarralon.com\/wp-content\/uploads\/2015\/06\/david-carralon-hp-235-276.jpg\"><img decoding=\"async\" src=\"https:\/\/davidcarralon.com\/wp-content\/uploads\/2015\/06\/david-carralon-hp-235-276.jpg\" alt=\"David Carralon Consultor SEO\" class=\"wp-image-2142\"\/><\/a><figcaption class=\"wp-element-caption\">David Carral\u00f3n<\/figcaption><\/figure><\/div>\n<p>Si su empresa est\u00e1 buscando penetrar en los mercados globales o necesita ayuda para mejorar cualquier aspecto de sus esfuerzos de marketing internacional, puedo ayudarle con: <\/p>\n\n<ul class=\"wp-block-list\">\n<li>Consultor\u00eda y asesoramiento SEO internacional<\/li>\n\n\n\n<li><a href=\"https:\/\/davidcarralon.com\/es\/auditorias-seo\">Auditor\u00edas SEO<\/a> (implementaciones t\u00e9cnicas, contenido, competencia)<\/li>\n\n\n\n<li>Dise\u00f1o de la estrategia de migraci\u00f3n del sitio web<\/li>\n\n\n\n<li>Migraciones complejas a frameworks basados en Javascript<\/li>\n\n\n\n<li>Soporte SEO global durante cualquier tipo de implantaci\u00f3n empresarial<\/li>\n\n\n\n<li>Creaci\u00f3n de enlaces internacionales<\/li>\n\n\n\n<li>Formaci\u00f3n SEO presencial y en l\u00ednea<\/li>\n\n\n\n<li>Servicios SEO de marca blanca (100% de confidencialidad y NDA)<\/li>\n<\/ul>\n\n<p>Tanto si busca contratar a un SEO para empresas con experiencia en la gesti\u00f3n de sitios web de gran tama\u00f1o y la prestaci\u00f3n de servicios a escala, como si s\u00f3lo necesita asesoramiento de consultor\u00eda para su nueva empresa en un \u00fanico mercado, puedo ayudarle.<\/p>\n\n<h2 class=\"wp-block-heading\">\u00bfPor qu\u00e9 deber\u00eda contratarme?<\/h2>\n\n<p>Tengo un historial probado en la realizaci\u00f3n de auditor\u00edas de sitios web de calidad para una serie de clientes corporativos de muchos sectores, como el comercio electr\u00f3nico minorista, las operaciones de viajes y excursiones, los portales de empleo, los sitios web de grandes afiliados, los sitios m\u00e9dicos, los sitios web de recetas, la educaci\u00f3n y el aprendizaje.<\/p>\n\n<p>Adem\u00e1s, he trabajado en modelos de sitios web con listados de contenido automatizados, arquitecturas complejas con diferentes pilas tecnol\u00f3gicas y m\u00faltiples retos t\u00e9cnicos relacionados con la rastreabilidad del sitio, problemas de indexaci\u00f3n, pesadillas de paginaci\u00f3n y numerosos problemas de contenido duplicado.<\/p>\n\n<p>Si es necesario, puedo ponerle en contacto con clientes ya existentes, o con clientes para los que acabo de realizar auditor\u00edas profesionales y entregar informes convincentes con recomendaciones estrat\u00e9gicas. Sus comentarios sobre mi actuaci\u00f3n y los resultados obtenidos pueden ayudarle a decidir si desea trabajar conmigo.<\/p>\n\n<p>Le invito a que consulte mi <a href=\"https:\/\/www.linkedin.com\/in\/carralon\/\" rel=\"noopener\">perfil de Linkedin<\/a> y lea mis recomendaciones profesionales adicionales.<\/p>\n\n<h2 class=\"wp-block-heading\" id=\"h-my-journey-into-international-multilingual-seo\">Mi viaje al SEO internacional y multiling\u00fce<\/h2>\n\n<p>Mi pa\u00eds de origen es Espa\u00f1a, donde viv\u00ed hasta los 20 a\u00f1os. Despu\u00e9s pas\u00e9 10 a\u00f1os estudiando, viviendo y trabajando en el Reino Unido. A partir de ah\u00ed, la vida me llev\u00f3 a cruzar el Canal de la Mancha hasta Francia para ocupar un puesto de gesti\u00f3n de la presencia web en Francia y Suiza de una organizaci\u00f3n de relaciones culturales. Actualmente sigo viviendo en Par\u00eds, pero viajo con frecuencia por Europa.<\/p>\n\n<p>La exposici\u00f3n al entorno cultural y ling\u00fc\u00edstico que he tenido en los \u00faltimos 20 a\u00f1os ha contribuido significativamente a mi formaci\u00f3n y me ha ayudado a convertirme en un profesional internacional de SEO. Mi inter\u00e9s por aprender idiomas va m\u00e1s all\u00e1 del franc\u00e9s, el espa\u00f1ol y el ingl\u00e9s. Me encanta aprender lo b\u00e1sico de otros idiomas como el italiano, el turco o el portugu\u00e9s, s\u00f3lo por diversi\u00f3n.<\/p>\n\n<h2 class=\"wp-block-heading\" id=\"h-what-specific-seo-challenges-can-you-help-with\">\u00bfEn qu\u00e9 retos espec\u00edficos de SEO puede ayudar?<\/h2>\n\n<p>Una de mis especialidades es la arquitectura de la informaci\u00f3n para SEO, el contenido y la b\u00fasqueda de problemas, la detecci\u00f3n y las soluciones r\u00e1pidas de SEO.<\/p>\n\n<p>He redactado y desarrollado estrategias SEO de \u00e9xito para medianas y grandes empresas. Mi experiencia en b\u00fasqueda multiling\u00fce e internacional ha abarcado desde empresas del sector privado al p\u00fablico, principalmente en los sectores de la Administraci\u00f3n P\u00fablica, la Educaci\u00f3n, B2B, el comercio electr\u00f3nico y los portales de empleo.<\/p>\n\n<p>Tambi\u00e9n soy un firme partidario del marketing de contenidos como medio para reforzar el SEO a trav\u00e9s de la obtenci\u00f3n o adquisici\u00f3n de enlaces.<\/p>\n\n<p>Por \u00faltimo, creo firmemente en el poder de la investigaci\u00f3n de palabras clave, temas, audiencias y competidores como medio para encontrar esa ventaja competitiva para mis clientes que puede ayudarles a destacar.<\/p>\n\n<h2 class=\"wp-block-heading\" id=\"h-wordpress-and-affiliate-marketing\">Aprender sin parar<\/h2>\n\n<p>En mi tiempo libre, me gusta desarrollar sitios web wordpress y blogs en casi todos los nichos que tengo un inter\u00e9s personal y encontrar maneras de monetizarlos a trav\u00e9s de canales de marketing de afiliaci\u00f3n.<\/p>\n\n<p>Puede que esto no suene tan relevante para m\u00ed que soy consultor, pero de hecho hacer SEO en entornos no corporativos es toda una educaci\u00f3n diferente debido a las pocas limitaciones que existen. Esto me ayuda a comprender el panorama de los motores de b\u00fasqueda fuera de las grandes redes de sitios web y complementa mi formaci\u00f3n continua en marketing de b\u00fasqueda.<\/p>\n\n<p>Soy un eterno estudiante y aprendiz en todo este mundo del marketing digital. Soy un gran fan de WordPress como CMS integral, pero la plataforma en la que m\u00e1s he estado trabajando \u00faltimamente es React, y en particular el framework NextJS.<\/p>\n\n<p>En mi blog escribo sobre marketing en Internet, procesos y estrategias SEO, Javascript SEO y marketing de afiliaci\u00f3n. Tambi\u00e9n tuiteo sobre SEO y marketing en buscadores en <a href=\"https:\/\/twitter.com\/davidcarralon\" rel=\"noopener\">@davidcarralon <\/a> <\/p>\n\n<h2 class=\"wp-block-heading\" id=\"h-so-what-s-the-next-step-to-hire-you-or-request-your-advice\">\u00bfCu\u00e1l es el siguiente paso para contratarle o pedirle consejo?<\/h2>\n\n<p>No dude en <a href=\"https:\/\/davidcarralon.com\/es\/contact\">ponerse en contacto conmigo primero <\/a>envi\u00e1ndome un mensaje en el que describa su proyecto, retos y objetivos, incluyendo su sitio web y datos de contacto para que pueda enviarle una propuesta. <\/p>\n\n<p>Me pondr\u00e9 en contacto con usted en un plazo de 24 horas.<\/p>\n","protected":false},"excerpt":{"rendered":"<p>Soy un consultor SEO internacional con sede en Francia, que opera en diferentes mercados dentro y fuera de la UE. Traigo conmigo casi dos d\u00e9cadas de experiencia en SEO y Marketing en Internet. He trabajado internamente para grandes multinacionales impulsando exitosos programas de SEO y crecimiento. Como consultor independiente, tambi\u00e9n he ayudado a grandes marcas &hellip;<\/p>\n","protected":false},"author":2,"featured_media":1293842,"parent":0,"menu_order":0,"comment_status":"closed","ping_status":"closed","template":"","meta":{"_acf_changed":false,"_genesis_hide_title":false,"_genesis_hide_breadcrumbs":false,"_genesis_hide_singular_image":false,"_genesis_hide_footer_widgets":false,"_genesis_custom_body_class":"","_genesis_custom_post_class":"","_genesis_layout":"","footnotes":""},"class_list":{"1":"page","2":"type-page","6":"entry"},"featured_image_src":"https:\/\/davidcarralon.com\/wp-content\/uploads\/2019\/02\/david-carralon-ISS-conference-1024x596.jpg","acf":[],"featured_image_src_square":"https:\/\/davidcarralon.com\/wp-content\/uploads\/2019\/02\/david-carralon-ISS-conference-1024x596.jpg","_links":{"self":[{"href":"https:\/\/davidcarralon.com\/es\/wp-json\/wp\/v2\/pages\/1294845","targetHints":{"allow":["GET"]}}],"collection":[{"href":"https:\/\/davidcarralon.com\/es\/wp-json\/wp\/v2\/pages"}],"about":[{"href":"https:\/\/davidcarralon.com\/es\/wp-json\/wp\/v2\/types\/page"}],"author":[{"embeddable":true,"href":"https:\/\/davidcarralon.com\/es\/wp-json\/wp\/v2\/users\/2"}],"replies":[{"embeddable":true,"href":"https:\/\/davidcarralon.com\/es\/wp-json\/wp\/v2\/comments?post=1294845"}],"version-history":[{"count":19,"href":"https:\/\/davidcarralon.com\/es\/wp-json\/wp\/v2\/pages\/1294845\/revisions"}],"predecessor-version":[{"id":1399341,"href":"https:\/\/davidcarralon.com\/es\/wp-json\/wp\/v2\/pages\/1294845\/revisions\/1399341"}],"wp:featuredmedia":[{"embeddable":true,"href":"https:\/\/davidcarralon.com\/es\/wp-json\/wp\/v2\/media\/1293842"}],"wp:attachment":[{"href":"https:\/\/davidcarralon.com\/es\/wp-json\/wp\/v2\/media?parent=1294845"}],"curies":[{"name":"wp","href":"https:\/\/api.w.org\/{rel}","templated":true}]}}